{"id":231170,"date":"2023-10-14T14:01:58","date_gmt":"2023-10-14T14:01:58","guid":{"rendered":"https:\/\/the-good-circle.com\/politica-de-cookies\/"},"modified":"2025-05-19T13:41:58","modified_gmt":"2025-05-19T13:41:58","slug":"politica-de-cookies","status":"publish","type":"page","link":"https:\/\/the-good-circle.com\/es\/politica-de-cookies\/","title":{"rendered":"Pol\u00edtica de cookies"},"content":{"rendered":"<p>[et_pb_section fb_built=\u00bb1&#8243; _builder_version=\u00bb4.19.2&#8243; _module_preset=\u00bbdefault\u00bb locked=\u00bboff\u00bb global_colors_info=\u00bb{}\u00bb][et_pb_row custom_padding_last_edited=\u00bboff|desktop\u00bb _builder_version=\u00bb4.27.4&#8243; _module_preset=\u00bbdefault\u00bb width=\u00bb90%\u00bb custom_margin=\u00bb0px||0px||false|false\u00bb custom_padding=\u00bb0px||0px||false|false\u00bb custom_padding_tablet=\u00bb0px||0px||false|false\u00bb custom_padding_phone=\u00bb||||false|false\u00bb hover_enabled=\u00bb0&#8243; locked=\u00bboff\u00bb collapsed=\u00bbon\u00bb global_colors_info=\u00bb{}\u00bb sticky_enabled=\u00bb0&#8243;][et_pb_column type=\u00bb4_4&#8243; _builder_version=\u00bb4.19.4&#8243; _module_preset=\u00bbdefault\u00bb global_colors_info=\u00bb{}\u00bb][et_pb_text module_class=\u00bbsc-1-hero-h1-text\u00bb _builder_version=\u00bb4.27.4&#8243; _module_preset=\u00bbdefault\u00bb header_font=\u00bbManrope||||||||\u00bb header_text_align=\u00bbleft\u00bb header_text_color=\u00bb#151515&#8243; header_font_size=\u00bb54px\u00bb header_2_font_size=\u00bb54px\u00bb custom_margin=\u00bb0px||0px||false|false\u00bb custom_margin_tablet=\u00bb0px||35px||false|false\u00bb custom_margin_phone=\u00bb0px||35px||false|false\u00bb custom_margin_last_edited=\u00bbon|tablet\u00bb custom_padding=\u00bb0px||0px||false|false\u00bb animation_style=\u00bbslide\u00bb animation_direction=\u00bbbottom\u00bb animation_intensity_slide=\u00bb8%\u00bb animation_speed_curve=\u00bbease\u00bb header_font_size_tablet=\u00bb28px\u00bb header_font_size_phone=\u00bb24px\u00bb header_font_size_last_edited=\u00bbon|desktop\u00bb header_2_font_size_tablet=\u00bb33px\u00bb header_2_font_size_phone=\u00bb31px\u00bb header_2_font_size_last_edited=\u00bbon|phone\u00bb global_colors_info=\u00bb{}\u00bb]<\/p>\n<h1 style=\"text-align: left;\">pol\u00edtica de cookies<\/h1>\n<p>[\/et_pb_text][et_pb_text _builder_version=\u00bb4.27.4&#8243; _module_preset=\u00bbdefault\u00bb text_font=\u00bbhelvetica-normal||||||||\u00bb text_text_color=\u00bb#151515&#8243; text_font_size=\u00bb17px\u00bb text_line_height=\u00bb1.8em\u00bb header_3_font=\u00bbManrope||||||||\u00bb header_3_font_size=\u00bb27px\u00bb text_orientation=\u00bbcenter\u00bb custom_margin=\u00bb0px||35px||false|false\u00bb custom_padding=\u00bb0px|25px|0px||false|false\u00bb text_font_size_tablet=\u00bb18px\u00bb text_font_size_phone=\u00bb16px\u00bb text_font_size_last_edited=\u00bbon|phone\u00bb locked=\u00bboff\u00bb global_colors_info=\u00bb{}\u00bb]<\/p>\n<h3 style=\"text-align: left;\">legales<\/h3>\n<p>[\/et_pb_text][et_pb_code admin_label=\u00bbresponsive settings\u00bb _builder_version=\u00bb4.19.4&#8243; _module_preset=\u00bbdefault\u00bb custom_margin=\u00bb0px||0px||false|false\u00bb custom_padding=\u00bb0px||0px||false|false\u00bb global_colors_info=\u00bb{}\u00bb]<pee>\n<style><!-- [et_pb_line_break_holder] -->@media (min-width: 980px) and (max-width: 1480px) { <!-- [et_pb_line_break_holder] -->    .sc-1-hero-h1-text h1{<!-- [et_pb_line_break_holder] -->      font-size:90px !important;<!-- [et_pb_line_break_holder] -->    }<!-- [et_pb_line_break_holder] --> } <!-- [et_pb_line_break_holder] --><\/style>\n<\/pee>[\/et_pb_code][\/et_pb_column][\/et_pb_row][et_pb_row _builder_version=\u00bb4.19.2&#8243; _module_preset=\u00bbdefault\u00bb global_colors_info=\u00bb{}\u00bb][et_pb_column type=\u00bb4_4&#8243; _builder_version=\u00bb4.19.2&#8243; _module_preset=\u00bbdefault\u00bb global_colors_info=\u00bb{}\u00bb][et_pb_text _builder_version=\u00bb4.27.4&#8243; _module_preset=\u00bbdefault\u00bb text_font=\u00bbManrope||||||||\u00bb text_text_color=\u00bb#000000&#8243; text_font_size=\u00bb17px\u00bb text_line_height=\u00bb1.8em\u00bb link_font=\u00bbManrope||||||||\u00bb link_text_color=\u00bb#0B0CF0&#8243; header_font=\u00bbManrope||||||||\u00bb header_3_font=\u00bb|600|||||||\u00bb hover_enabled=\u00bb0&#8243; global_colors_info=\u00bb{}\u00bb sticky_enabled=\u00bb0&#8243;]<\/p>\n<h3>1. Definici\u00f3n y funciones de las cookies.<\/h3>\n<p><\/p>\n<p class=\"p1\">Una cookie es un fichero que se descarga en el ordenador del Usuario al acceder a determinadas p\u00e1ginas web. Las cookies permiten a una p\u00e1gina web, entre otras cosas, almacenar y recuperar informaci\u00f3n sobre los h\u00e1bitos de navegaci\u00f3n de un Usuario o de su equipo y, dependiendo de la informaci\u00f3n que contengan y de la forma en que utilice su equipo, pueden utilizarse para reconocer al Usuario.<\/p>\n<p><\/p>\n<h3 class=\"p1\">2. Tipos de cookies que puede utilizar este sitio web.<\/h3>\n<p><\/p>\n<ul>\n<li class=\"p1\"><strong>Cookies propias:<\/strong> Son aqu\u00e9llas que se env\u00edan al equipo terminal del Usuario desde un equipo o dominio gestionado por el Titular y desde el que se presta el servicio solicitado por el Usuario.<\/li>\n<li class=\"p1\"><strong>Cookies Funcionales:<\/strong> Son aquellas necesarias para el correcto funcionamiento del Sitio Web.<\/li>\n<\/ul>\n<p><\/p>\n<h3 class=\"p1\"><strong>3. Revocaci\u00f3n y eliminaci\u00f3n de cookies.<\/strong><\/h3>\n<p><\/p>\n<p class=\"p1\">El Usuario puede permitir, bloquear o eliminar las cookies instaladas en su equipo mediante la configuraci\u00f3n de las opciones del navegador instalado, en caso de que no permita la instalaci\u00f3n de cookies en su navegador es posible que no pueda acceder a algunas secciones del Sitio Web. Puede encontrar informaci\u00f3n sobre c\u00f3mo configurar las cookies en funci\u00f3n del navegador utilizado en los siguientes enlaces (enlaces v\u00e1lidos a la fecha de edici\u00f3n de este texto)<\/p>\n<p><\/p>\n<ul>\n<li class=\"p1\">Para m\u00e1s informaci\u00f3n sobre c\u00f3mo bloquear el uso de cookies en C<strong>hrome<br \/><a href=\"https:\/\/support.google.com\/chrome\/?hl=es&amp;amp;answer=95647\">https:\/\/support.google.com\/chrome\/?hl=es&amp;amp;answer=95647<\/a><\/strong><\/li>\n<li class=\"p1\">Para m\u00e1s informaci\u00f3n sobre c\u00f3mo bloquear el uso de cookies en<strong> Firefox<\/strong><br \/><span style=\"text-decoration: underline;\"><strong><a href=\"http:\/\/support.mozilla.org\/es\/kb\/habilitar-y-deshabilitar-cookies-que-los-sitios-we\">https:\/\/support.mozilla.org\/es\/kb\/habilitar-y-deshabilitar-cookies-que-los-sitios-we<\/a><\/strong><\/span><\/li>\n<li class=\"p1\">Para m\u00e1s informaci\u00f3n sobre c\u00f3mo bloquear el uso de cookies en <strong>Edge<\/strong><br \/><span style=\"text-decoration: underline;\"><strong><a href=\"https:\/\/support.microsoft.com\/es-es\/windows?ui=es-ES&amp;amp;rs=es-ES&amp;amp;ad=ES\">https:\/\/support.microsoft.com\/es-es\/windows?ui=es-ES&amp;amp;rs=es-ES&amp;amp;ad=ES<\/a><\/strong><\/span><\/li>\n<li>Para m\u00e1s informaci\u00f3n sobre c\u00f3mo bloquear el uso de cookies en<strong> Safari<\/strong><br \/><span style=\"text-decoration: underline;\"><strong><a href=\"http:\/\/support.apple.com\/kb\/ph5042\">https:\/\/support.apple.com\/kb\/ph5042<\/a><\/strong><\/span><\/li>\n<\/ul>\n<p><\/p>\n<p class=\"p1\">Para m\u00e1s informaci\u00f3n sobre el uso de cookies en este sitio web, el usuario puede solicitarla a trav\u00e9s del formulario de contacto o del correo <a href=\"mailto:hello@the-good-circle.com\">hello@the-good-circle.com<\/a><\/p>\n<p><\/p>\n<p class=\"p1\">Esta pol\u00edtica fue modificada el 19 de mayo de 2025.<\/p>\n<p>[\/et_pb_text][\/et_pb_column][\/et_pb_row][\/et_pb_section]<\/p>\n","protected":false},"excerpt":{"rendered":"<p>pol\u00edtica de cookieslegales1. Definici\u00f3n y funciones de las cookies.Una cookie es un fichero que se descarga en el ordenador del Usuario al acceder a determinadas p\u00e1ginas web. Las cookies permiten a una p\u00e1gina web, entre otras cosas, almacenar y recuperar informaci\u00f3n sobre los h\u00e1bitos de navegaci\u00f3n de un Usuario o de su equipo y, dependiendo [&hellip;]<\/p>\n","protected":false},"author":1,"featured_media":0,"parent":0,"menu_order":0,"comment_status":"closed","ping_status":"closed","template":"","meta":{"_acf_changed":false,"_et_pb_use_builder":"on","_et_pb_old_content":"","_et_gb_content_width":"","footnotes":""},"class_list":["post-231170","page","type-page","status-publish","hentry"],"acf":[],"yoast_head":"<!-- This site is optimized with the Yoast SEO plugin v26.9 - https:\/\/yoast.com\/product\/yoast-seo-wordpress\/ -->\n<title>Pol\u00edtica de cookies - The Good Circle<\/title>\n<meta name=\"robots\" content=\"index, follow, max-snippet:-1, max-image-preview:large, max-video-preview:-1\" \/>\n<link rel=\"canonical\" href=\"https:\/\/the-good-circle.com\/cookies-policy\/\" \/>\n<meta property=\"og:locale\" content=\"es_ES\" \/>\n<meta property=\"og:type\" content=\"article\" \/>\n<meta property=\"og:title\" content=\"Pol\u00edtica de cookies - The Good Circle\" \/>\n<meta property=\"og:description\" content=\"pol\u00edtica de cookieslegales1. Definici\u00f3n y funciones de las cookies.Una cookie es un fichero que se descarga en el ordenador del Usuario al acceder a determinadas p\u00e1ginas web. Las cookies permiten a una p\u00e1gina web, entre otras cosas, almacenar y recuperar informaci\u00f3n sobre los h\u00e1bitos de navegaci\u00f3n de un Usuario o de su equipo y, dependiendo [&hellip;]\" \/>\n<meta property=\"og:url\" content=\"https:\/\/the-good-circle.com\/cookies-policy\/\" \/>\n<meta property=\"og:site_name\" content=\"The Good Circle\" \/>\n<meta property=\"article:modified_time\" content=\"2025-05-19T13:41:58+00:00\" \/>\n<meta name=\"twitter:card\" content=\"summary_large_image\" \/>\n<meta name=\"twitter:label1\" content=\"Tiempo de lectura\" \/>\n\t<meta name=\"twitter:data1\" content=\"4 minutos\" \/>\n<script type=\"application\/ld+json\" class=\"yoast-schema-graph\">{\"@context\":\"https:\/\/schema.org\",\"@graph\":[{\"@type\":\"WebPage\",\"@id\":\"https:\/\/the-good-circle.com\/cookies-policy\/\",\"url\":\"https:\/\/the-good-circle.com\/cookies-policy\/\",\"name\":\"Pol\u00edtica de cookies - The Good Circle\",\"isPartOf\":{\"@id\":\"https:\/\/the-good-circle.com\/#website\"},\"datePublished\":\"2023-10-14T14:01:58+00:00\",\"dateModified\":\"2025-05-19T13:41:58+00:00\",\"breadcrumb\":{\"@id\":\"https:\/\/the-good-circle.com\/cookies-policy\/#breadcrumb\"},\"inLanguage\":\"es\",\"potentialAction\":[{\"@type\":\"ReadAction\",\"target\":[\"https:\/\/the-good-circle.com\/cookies-policy\/\"]}]},{\"@type\":\"BreadcrumbList\",\"@id\":\"https:\/\/the-good-circle.com\/cookies-policy\/#breadcrumb\",\"itemListElement\":[{\"@type\":\"ListItem\",\"position\":1,\"name\":\"Portada\",\"item\":\"https:\/\/the-good-circle.com\/es\/\"},{\"@type\":\"ListItem\",\"position\":2,\"name\":\"Pol\u00edtica de cookies\"}]},{\"@type\":\"WebSite\",\"@id\":\"https:\/\/the-good-circle.com\/#website\",\"url\":\"https:\/\/the-good-circle.com\/\",\"name\":\"The Good Circle\",\"description\":\"Here to help take the awkwardness away\",\"potentialAction\":[{\"@type\":\"SearchAction\",\"target\":{\"@type\":\"EntryPoint\",\"urlTemplate\":\"https:\/\/the-good-circle.com\/?s={search_term_string}\"},\"query-input\":{\"@type\":\"PropertyValueSpecification\",\"valueRequired\":true,\"valueName\":\"search_term_string\"}}],\"inLanguage\":\"es\"}]}<\/script>\n<!-- \/ Yoast SEO plugin. -->","yoast_head_json":{"title":"Pol\u00edtica de cookies - The Good Circle","robots":{"index":"index","follow":"follow","max-snippet":"max-snippet:-1","max-image-preview":"max-image-preview:large","max-video-preview":"max-video-preview:-1"},"canonical":"https:\/\/the-good-circle.com\/cookies-policy\/","og_locale":"es_ES","og_type":"article","og_title":"Pol\u00edtica de cookies - The Good Circle","og_description":"pol\u00edtica de cookieslegales1. Definici\u00f3n y funciones de las cookies.Una cookie es un fichero que se descarga en el ordenador del Usuario al acceder a determinadas p\u00e1ginas web. Las cookies permiten a una p\u00e1gina web, entre otras cosas, almacenar y recuperar informaci\u00f3n sobre los h\u00e1bitos de navegaci\u00f3n de un Usuario o de su equipo y, dependiendo [&hellip;]","og_url":"https:\/\/the-good-circle.com\/cookies-policy\/","og_site_name":"The Good Circle","article_modified_time":"2025-05-19T13:41:58+00:00","twitter_card":"summary_large_image","twitter_misc":{"Tiempo de lectura":"4 minutos"},"schema":{"@context":"https:\/\/schema.org","@graph":[{"@type":"WebPage","@id":"https:\/\/the-good-circle.com\/cookies-policy\/","url":"https:\/\/the-good-circle.com\/cookies-policy\/","name":"Pol\u00edtica de cookies - The Good Circle","isPartOf":{"@id":"https:\/\/the-good-circle.com\/#website"},"datePublished":"2023-10-14T14:01:58+00:00","dateModified":"2025-05-19T13:41:58+00:00","breadcrumb":{"@id":"https:\/\/the-good-circle.com\/cookies-policy\/#breadcrumb"},"inLanguage":"es","potentialAction":[{"@type":"ReadAction","target":["https:\/\/the-good-circle.com\/cookies-policy\/"]}]},{"@type":"BreadcrumbList","@id":"https:\/\/the-good-circle.com\/cookies-policy\/#breadcrumb","itemListElement":[{"@type":"ListItem","position":1,"name":"Portada","item":"https:\/\/the-good-circle.com\/es\/"},{"@type":"ListItem","position":2,"name":"Pol\u00edtica de cookies"}]},{"@type":"WebSite","@id":"https:\/\/the-good-circle.com\/#website","url":"https:\/\/the-good-circle.com\/","name":"The Good Circle","description":"Here to help take the awkwardness away","potentialAction":[{"@type":"SearchAction","target":{"@type":"EntryPoint","urlTemplate":"https:\/\/the-good-circle.com\/?s={search_term_string}"},"query-input":{"@type":"PropertyValueSpecification","valueRequired":true,"valueName":"search_term_string"}}],"inLanguage":"es"}]}},"_links":{"self":[{"href":"https:\/\/the-good-circle.com\/es\/wp-json\/wp\/v2\/pages\/231170","targetHints":{"allow":["GET"]}}],"collection":[{"href":"https:\/\/the-good-circle.com\/es\/wp-json\/wp\/v2\/pages"}],"about":[{"href":"https:\/\/the-good-circle.com\/es\/wp-json\/wp\/v2\/types\/page"}],"author":[{"embeddable":true,"href":"https:\/\/the-good-circle.com\/es\/wp-json\/wp\/v2\/users\/1"}],"replies":[{"embeddable":true,"href":"https:\/\/the-good-circle.com\/es\/wp-json\/wp\/v2\/comments?post=231170"}],"version-history":[{"count":5,"href":"https:\/\/the-good-circle.com\/es\/wp-json\/wp\/v2\/pages\/231170\/revisions"}],"predecessor-version":[{"id":231536,"href":"https:\/\/the-good-circle.com\/es\/wp-json\/wp\/v2\/pages\/231170\/revisions\/231536"}],"wp:attachment":[{"href":"https:\/\/the-good-circle.com\/es\/wp-json\/wp\/v2\/media?parent=231170"}],"curies":[{"name":"wp","href":"https:\/\/api.w.org\/{rel}","templated":true}]}}