{"id":231359,"date":"2023-10-14T14:02:10","date_gmt":"2023-10-14T14:02:10","guid":{"rendered":"https:\/\/the-good-circle.com\/politica-de-privacidad\/"},"modified":"2025-05-19T14:11:27","modified_gmt":"2025-05-19T14:11:27","slug":"politica-de-privacidad","status":"publish","type":"page","link":"https:\/\/the-good-circle.com\/es\/politica-de-privacidad\/","title":{"rendered":"pol\u00edtica de privacidad"},"content":{"rendered":"<p>[et_pb_section fb_built=\u00bb1&#8243; _builder_version=\u00bb4.19.2&#8243; _module_preset=\u00bbdefault\u00bb global_colors_info=\u00bb{}\u00bb][et_pb_row custom_padding_last_edited=\u00bboff|desktop\u00bb _builder_version=\u00bb4.19.4&#8243; _module_preset=\u00bbdefault\u00bb width=\u00bb90%\u00bb custom_margin=\u00bb0px||0px||false|false\u00bb custom_padding=\u00bb0px||0px||false|false\u00bb custom_padding_tablet=\u00bb0px||0px||false|false\u00bb custom_padding_phone=\u00bb||||false|false\u00bb locked=\u00bboff\u00bb collapsed=\u00bbon\u00bb global_colors_info=\u00bb{}\u00bb][et_pb_column type=\u00bb4_4&#8243; _builder_version=\u00bb4.19.4&#8243; _module_preset=\u00bbdefault\u00bb global_colors_info=\u00bb{}\u00bb][et_pb_text module_class=\u00bbsc-1-hero-h1-text\u00bb _builder_version=\u00bb4.27.4&#8243; _module_preset=\u00bbdefault\u00bb header_font=\u00bbManrope||||||||\u00bb header_text_align=\u00bbleft\u00bb header_text_color=\u00bb#151515&#8243; header_font_size=\u00bb54px\u00bb header_2_font_size=\u00bb54px\u00bb custom_margin=\u00bb0px||0px||false|false\u00bb custom_margin_tablet=\u00bb0px||35px||false|false\u00bb custom_margin_phone=\u00bb0px||35px||false|false\u00bb custom_margin_last_edited=\u00bbon|tablet\u00bb custom_padding=\u00bb0px||0px||false|false\u00bb animation_style=\u00bbslide\u00bb animation_direction=\u00bbbottom\u00bb animation_intensity_slide=\u00bb8%\u00bb animation_speed_curve=\u00bbease\u00bb hover_enabled=\u00bb0&#8243; header_font_size_tablet=\u00bb28px\u00bb header_font_size_phone=\u00bb24px\u00bb header_font_size_last_edited=\u00bbon|desktop\u00bb header_2_font_size_tablet=\u00bb33px\u00bb header_2_font_size_phone=\u00bb31px\u00bb header_2_font_size_last_edited=\u00bbon|phone\u00bb global_colors_info=\u00bb{}\u00bb sticky_enabled=\u00bb0&#8243;]<\/p>\n<h1 style=\"text-align: left;\">pol\u00edtica de privacidad<\/h1>\n<p>[\/et_pb_text][et_pb_text _builder_version=\u00bb4.27.4&#8243; _module_preset=\u00bbdefault\u00bb text_font=\u00bbhelvetica-normal||||||||\u00bb text_text_color=\u00bb#151515&#8243; text_font_size=\u00bb17px\u00bb text_line_height=\u00bb1.8em\u00bb header_3_font=\u00bbManrope||||||||\u00bb header_3_font_size=\u00bb27px\u00bb text_orientation=\u00bbcenter\u00bb custom_margin=\u00bb0px||35px||false|false\u00bb custom_padding=\u00bb0px|25px|0px||false|false\u00bb hover_enabled=\u00bb0&#8243; text_font_size_tablet=\u00bb18px\u00bb text_font_size_phone=\u00bb16px\u00bb text_font_size_last_edited=\u00bbon|phone\u00bb locked=\u00bboff\u00bb global_colors_info=\u00bb{}\u00bb sticky_enabled=\u00bb0&#8243;]<\/p>\n<h3 style=\"text-align: left;\">legales<\/h3>\n<p>[\/et_pb_text][et_pb_code admin_label=\u00bbresponsive settings\u00bb _builder_version=\u00bb4.19.4&#8243; _module_preset=\u00bbdefault\u00bb custom_margin=\u00bb0px||0px||false|false\u00bb custom_padding=\u00bb0px||0px||false|false\u00bb global_colors_info=\u00bb{}\u00bb]<\/p>\n<style><!-- [et_pb_line_break_holder] -->@media (min-width: 980px) and (max-width: 1480px) { <!-- [et_pb_line_break_holder] -->    .sc-1-hero-h1-text h1{<!-- [et_pb_line_break_holder] -->      font-size:90px !important;<!-- [et_pb_line_break_holder] -->    }<!-- [et_pb_line_break_holder] --> } <!-- [et_pb_line_break_holder] --><\/style>\n<p>[\/et_pb_code][\/et_pb_column][\/et_pb_row][et_pb_row _builder_version=\u00bb4.19.2&#8243; _module_preset=\u00bbdefault\u00bb global_colors_info=\u00bb{}\u00bb][et_pb_column type=\u00bb4_4&#8243; _builder_version=\u00bb4.19.2&#8243; _module_preset=\u00bbdefault\u00bb global_colors_info=\u00bb{}\u00bb][et_pb_text _builder_version=\u00bb4.27.4&#8243; _module_preset=\u00bbdefault\u00bb text_font=\u00bbManrope||||||||\u00bb text_text_color=\u00bb#000000&#8243; text_font_size=\u00bb17px\u00bb text_line_height=\u00bb1.8em\u00bb link_font=\u00bbManrope||||||||\u00bb link_text_color=\u00bb#0B0CF0&#8243; header_font=\u00bbManrope||||||||\u00bb header_3_font=\u00bbManrope|600|||||||\u00bb hover_enabled=\u00bb0&#8243; global_colors_info=\u00bb{}\u00bb sticky_enabled=\u00bb0&#8243;]<\/p>\n<h3>1. Anterior<\/h3>\n<p><\/p>\n<p><strong>The Good Circle<\/strong> desea informar a los usuarios de su p\u00e1gina web sobre la pol\u00edtica respecto del tratamiento y protecci\u00f3n de los datos de car\u00e1cter personal de aquellas personas que voluntariamente utilicen el correo electr\u00f3nico para ponerse en contacto con nosotros o cualquier otro servicio de la p\u00e1gina web que implique la comunicaci\u00f3n de sus datos personales.<\/p>\n<p><\/p>\n<p>A estos efectos, se entender\u00e1 por datos personales cualquier informaci\u00f3n concerniente a personas f\u00edsicas identificadas o identificables -incluidos los datos de correo electr\u00f3nico y\/o direcci\u00f3n IP- y por usuario, cualquier persona f\u00edsica identificada o identificable que comunique sus datos personales a <strong>The Good Circle,<\/strong> mediante la utilizaci\u00f3n de cualquier servicio de la p\u00e1gina web de la citada entidad.<\/p>\n<p><\/p>\n<h3>2. Identificaci\u00f3n de la raz\u00f3n social del responsable del tratamiento<\/h3>\n<p><\/p>\n<p><strong>The Good Circle<\/strong> informa al usuario de su p\u00e1gina web de la existencia de un fichero de tratamiento de datos de car\u00e1cter personal del que es responsable Elisa Doehne X8179458Z, con domicilio social en C\/ Infanta Pau 2, 9B Palma de Mallorca 07006 Illes Balears, donde se recogen y almacenan los datos personales que el usuario nos comunica.<\/p>\n<p><\/p>\n<h3>3. Fines para los que se utilizan los datos personales<\/h3>\n<p><\/p>\n<p><strong>The Good Circle<\/strong> no solicita datos en su p\u00e1gina web a los usuarios que la visitan, por lo tanto, la comunicaci\u00f3n de datos personales por parte del usuario a trav\u00e9s de su p\u00e1gina web s\u00f3lo puede entenderse que se produce cuando voluntariamente utiliza el servicio de correo electr\u00f3nico o la secci\u00f3n &#8216;contacto&#8217;, para ponerse en contacto con nosotros, ya que en estos casos el tratamiento de los datos es inevitable e impl\u00edcito al sistema de comunicaci\u00f3n utilizado por el usuario.<\/p>\n<p><\/p>\n<p>Para estos casos y los descritos en el apartado &#8216;4&#8217; siguiente, <strong>The Good Circle<\/strong> informa al usuario que el tratamiento de los datos se lleva a cabo con las siguientes finalidades: Realizar todas las gestiones relacionadas con la contrataci\u00f3n y prestaci\u00f3n de servicios de <strong>The Good Circle<\/strong> al interesado que lo solicite en su propio nombre y representaci\u00f3n, atender y contestar las comunicaciones recibidas, y el mantenimiento de relaciones comerciales hist\u00f3ricas.<\/p>\n<p><\/p>\n<h3>4. Consentimiento<\/h3>\n<p><\/p>\n<p><strong>The Good Circle<\/strong> informa al usuario de su sitio web, que la presente pol\u00edtica de privacidad contiene todos los aspectos relativos al tratamiento de datos personales que llevamos a cabo como responsables del mismo.<\/p>\n<p><\/p>\n<p>As\u00ed, cuando el usuario no mantenga relaciones comerciales con<strong> The Good Circle d<\/strong>eber\u00e1 tener en cuenta y queda informado de que el env\u00edo de un correo electr\u00f3nico o la comunicaci\u00f3n por parte del usuario de cualquier otro dato de car\u00e1cter personal conlleva o implica la prestaci\u00f3n de su consentimiento libre, inequ\u00edvoco, espec\u00edfico, informado y expreso para el tratamiento de sus datos personales, con las finalidades establecidas en el apartado &#8216;3&#8217; de esta pol\u00edtica de privacidad, as\u00ed como para atender su comunicaci\u00f3n o env\u00edo de informaci\u00f3n. En caso contrario, si el usuario no est\u00e1 de acuerdo, le rogamos se abstenga de enviar correos electr\u00f3nicos o comunicar sus datos personales a <strong>The Good Circle.<\/strong><\/p>\n<p><\/p>\n<p>A los mismos efectos <strong>The Good Circle t<\/strong>ambi\u00e9n informa que, si el usuario env\u00eda un correo electr\u00f3nico o comunica sus datos personales por raz\u00f3n del cargo que ostenta en una empresa -ya sea como administrador, gerente, representante y\/o cualquier otro cargo como persona de contacto en la empresa-, se entender\u00e1 que dicha comunicaci\u00f3n conlleva la prestaci\u00f3n de su consentimiento inequ\u00edvoco, libre, espec\u00edfico, informado y expreso para el tratamiento de sus datos personales, con las finalidades establecidas en el apartado &#8216;3&#8217; de esta pol\u00edtica de privacidad, as\u00ed como para atender su comunicaci\u00f3n o env\u00edo de informaci\u00f3n. En caso contrario, si el usuario no est\u00e1 de acuerdo, le rogamos se abstenga de enviar correos electr\u00f3nicos o comunicar sus datos personales.<\/p>\n<p><\/p>\n<h3>5. 5. Solicitud de informaci\u00f3n<\/h3>\n<p><\/p>\n<p>Cuando el usuario, ya sea en su propio nombre y representaci\u00f3n o en representaci\u00f3n o contacto de una persona jur\u00eddica, considere que la informaci\u00f3n facilitada en esta pol\u00edtica no es suficiente o carece de claridad, concreci\u00f3n o informaci\u00f3n, le rogamos que antes de enviarnos un correo electr\u00f3nico y en consecuencia sus datos personales, nos solicite la informaci\u00f3n adicional que considere necesaria, mediante el env\u00edo de una comunicaci\u00f3n escrita por correo ordinario a la direcci\u00f3n social indicada en el apartado &#8216;2&#8217; de esta pol\u00edtica.<\/p>\n<p><\/p>\n<h3>6. Identificaci\u00f3n de los destinatarios con respecto a los cuales foodandfriends se propone transferir o comunicar datos<\/h3>\n<p><\/p>\n<p><strong>The Good Circle<\/strong> s\u00f3lo prev\u00e9 la cesi\u00f3n o comunicaci\u00f3n de los datos que de acuerdo con el art\u00edculo 11.2.c. de la Ley Org\u00e1nica 15\/99 de protecci\u00f3n de datos de car\u00e1cter personal (en adelante LOPD) deba realizar para el cumplimiento de sus obligaciones con las Administraciones P\u00fablicas en los supuestos exigidos por la Legislaci\u00f3n vigente en cada materia en cada momento y, en su caso, tambi\u00e9n a otros \u00f3rganos como Jueces, Fiscal\u00edas, Tribunales, Tribunal de Cuentas o Defensor del Pueblo.<\/p>\n<p><\/p>\n<p><strong>The Good Circle<\/strong> informa al usuario que cualquier otra cesi\u00f3n de datos que deba realizar, ser\u00e1 puesta en su conocimiento cuando as\u00ed lo disponga la LOPD, inform\u00e1ndole de modo expreso, preciso e inequ\u00edvoco de los destinatarios de la informaci\u00f3n, de la finalidad a que se destinar\u00e1n los datos y de la naturaleza de los datos cedidos, o cuando as\u00ed lo establezca la LOPD, se solicitar\u00e1 previamente el consentimiento inequ\u00edvoco, espec\u00edfico e informado del usuario.<\/p>\n<p><\/p>\n<h3>7. Otros destinatarios de la informaci\u00f3n<\/h3>\n<p><\/p>\n<p>Sin perjuicio de lo dispuesto en el p\u00e1rrafo anterior, <strong>The Good Circle<\/strong> informa al usuario que cualquier tratamiento de datos de car\u00e1cter personal est\u00e1 sujeto a la legislaci\u00f3n vigente en Espa\u00f1a en materia de protecci\u00f3n de datos, establecida por la LOPD y su normativa complementaria y de desarrollo.<\/p>\n<p><\/p>\n<p>En este sentido,<strong> The Good Circle<\/strong> \u00fanicamente es responsable y garantiza la confidencialidad, seguridad y tratamiento de los datos de acuerdo con la presente pol\u00edtica, respecto de los datos de car\u00e1cter personal solicitados por el usuario a trav\u00e9s del sitio web the-good-circle.com no teniendo ning\u00fan tipo de responsabilidad respecto de los tratamientos y posteriores utilizaciones de los datos personales que pudieran efectuarse por terceros prestadores de servicios de la sociedad de la informaci\u00f3n que pudiesen tener acceso a los mismos con motivo de la prestaci\u00f3n de sus servicios o ejercicio de su actividad.<\/p>\n<p><\/p>\n<p>Se entender\u00e1 por terceros prestadores de servicios de la sociedad de la informaci\u00f3n -sin car\u00e1cter limitativo- aquellas personas f\u00edsicas o jur\u00eddicas que presten los siguientes servicios:<\/p>\n<p><\/p>\n<ul>\n<li>Transmisi\u00f3n a trav\u00e9s de una red de comunicaci\u00f3n de los datos facilitados por los destinatarios del servicio.<\/li>\n<li>Servicios de acceso a dicha red.<\/li>\n<li>Servicios de almacenamiento o alojamiento de datos.<\/li>\n<li>Suministro de contenidos o informaci\u00f3n.<\/li>\n<\/ul>\n<p><\/p>\n<p>Asimismo, <strong>The Good Circle<\/strong> no se hace responsable del tratamiento de datos que lleven a cabo terceros que establezcan hiperenlaces con nosotros, ni de aquellos responsables a los que <strong>The Good Circle<\/strong> remita a sus visitantes a trav\u00e9s de hiperenlaces.<\/p>\n<p><\/p>\n<h3>8. Calidad de los datos<\/h3>\n<p><\/p>\n<p><strong>The Good Circle<\/strong> advierte al usuario que, salvo la existencia de una representaci\u00f3n legalmente constituida, ning\u00fan usuario puede utilizar la identidad de otra persona y comunicar sus datos personales, por lo que el usuario deber\u00e1 tener presente en todo momento que, si utiliza el correo electr\u00f3nico, s\u00f3lo podr\u00e1 incluir datos personales correspondientes a su propia identidad y que sean adecuados, pertinentes, actuales, exactos y verdaderos. A estos efectos, el usuario ser\u00e1 el \u00fanico responsable de cualquier da\u00f1o directo y\/o indirecto que cause a terceros o a Food and Friends por el uso de datos personales de otra persona, o de sus propios datos personales cuando sean falsos, err\u00f3neos, no actuales, inadecuados o no pertinentes. Asimismo, el usuario que utilice los datos personales de un tercero responder\u00e1 frente a \u00e9ste de la obligaci\u00f3n de informaci\u00f3n establecida en el art\u00edculo 5.4 de la LOPD para cuando los datos personales no hayan sido recabados del interesado, y\/o de las consecuencias de no haberle informado.<\/p>\n<p><\/p>\n<h3>9. Datos de menores o incapacitados<\/h3>\n<p><\/p>\n<p>Si el usuario es menor de edad o incapaz, <strong>The Good Circle<\/strong> advierte de la necesidad de contar con el consentimiento de sus padres, tutores o representantes legales para la comunicaci\u00f3n de sus datos de car\u00e1cter personal, por lo que le rogamos se abstenga de utilizar el servicio de correo electr\u00f3nico si no cuenta con el consentimiento de sus padres, tutores o representantes legales, no siendo responsable en caso contrario de los actos del menor o incapaz.<\/p>\n<p><\/p>\n<h3>10. Actualizaci\u00f3n de datos<\/h3>\n<p><\/p>\n<p>El usuario es la \u00fanica fuente de informaci\u00f3n sobre sus datos personales, por lo que <strong>The Good Circle<\/strong> le ruega que, con el fin de mantener sus datos actualizados y puestos al d\u00eda en todo momento de acuerdo con los principios de la LOPD, comunique a la direcci\u00f3n indicada para el ejercicio de los derechos de acceso, rectificaci\u00f3n, cancelaci\u00f3n y oposici\u00f3n, cualquier modificaci\u00f3n de los mismos, as\u00ed como el cese de su actividad en la entidad que represente, en su caso, para proceder a la cancelaci\u00f3n y\/o tratamiento hist\u00f3rico de los mismos.<\/p>\n<p><\/p>\n<h3>11. Ejercicio de los derechos de oposici\u00f3n, acceso, rectificaci\u00f3n y supresi\u00f3n de datos<\/h3>\n<p><\/p>\n<p><strong>The Good Circle<\/strong> informa al usuario de la posibilidad de ejercitar sus derechos de acceso, rectificaci\u00f3n, cancelaci\u00f3n y oposici\u00f3n mediante solicitud escrita acompa\u00f1ada de su DNI, dirigida a la siguiente direcci\u00f3n: Acaia, 3 B3 3B &#8211; 07610 Palma de Mallorca, o la direcci\u00f3n que la sustituya y se comunique en el Registro General de Protecci\u00f3n de Datos.<\/p>\n<p>[\/et_pb_text][\/et_pb_column][\/et_pb_row][\/et_pb_section]<\/p>\n","protected":false},"excerpt":{"rendered":"<p>pol\u00edtica de privacidadlegales1. AnteriorThe Good Circle desea informar a los usuarios de su p\u00e1gina web sobre la pol\u00edtica respecto del tratamiento y protecci\u00f3n de los datos de car\u00e1cter personal de aquellas personas que voluntariamente utilicen el correo electr\u00f3nico para ponerse en contacto con nosotros o cualquier otro servicio de la p\u00e1gina web que implique la [&hellip;]<\/p>\n","protected":false},"author":1,"featured_media":0,"parent":0,"menu_order":0,"comment_status":"closed","ping_status":"closed","template":"","meta":{"_acf_changed":false,"_et_pb_use_builder":"on","_et_pb_old_content":"","_et_gb_content_width":"","footnotes":""},"class_list":["post-231359","page","type-page","status-publish","hentry"],"acf":[],"yoast_head":"<!-- This site is optimized with the Yoast SEO plugin v26.9 - https:\/\/yoast.com\/product\/yoast-seo-wordpress\/ -->\n<title>pol\u00edtica de privacidad - The Good Circle<\/title>\n<meta name=\"robots\" content=\"index, follow, max-snippet:-1, max-image-preview:large, max-video-preview:-1\" \/>\n<link rel=\"canonical\" href=\"https:\/\/the-good-circle.com\/privacy-policy\/\" \/>\n<meta property=\"og:locale\" content=\"es_ES\" \/>\n<meta property=\"og:type\" content=\"article\" \/>\n<meta property=\"og:title\" content=\"pol\u00edtica de privacidad - The Good Circle\" \/>\n<meta property=\"og:description\" content=\"pol\u00edtica de privacidadlegales1. AnteriorThe Good Circle desea informar a los usuarios de su p\u00e1gina web sobre la pol\u00edtica respecto del tratamiento y protecci\u00f3n de los datos de car\u00e1cter personal de aquellas personas que voluntariamente utilicen el correo electr\u00f3nico para ponerse en contacto con nosotros o cualquier otro servicio de la p\u00e1gina web que implique la [&hellip;]\" \/>\n<meta property=\"og:url\" content=\"https:\/\/the-good-circle.com\/privacy-policy\/\" \/>\n<meta property=\"og:site_name\" content=\"The Good Circle\" \/>\n<meta property=\"article:modified_time\" content=\"2025-05-19T14:11:27+00:00\" \/>\n<meta name=\"twitter:card\" content=\"summary_large_image\" \/>\n<meta name=\"twitter:label1\" content=\"Tiempo de lectura\" \/>\n\t<meta name=\"twitter:data1\" content=\"10 minutos\" \/>\n<script type=\"application\/ld+json\" class=\"yoast-schema-graph\">{\"@context\":\"https:\/\/schema.org\",\"@graph\":[{\"@type\":\"WebPage\",\"@id\":\"https:\/\/the-good-circle.com\/privacy-policy\/\",\"url\":\"https:\/\/the-good-circle.com\/privacy-policy\/\",\"name\":\"pol\u00edtica de privacidad - The Good Circle\",\"isPartOf\":{\"@id\":\"https:\/\/the-good-circle.com\/#website\"},\"datePublished\":\"2023-10-14T14:02:10+00:00\",\"dateModified\":\"2025-05-19T14:11:27+00:00\",\"breadcrumb\":{\"@id\":\"https:\/\/the-good-circle.com\/privacy-policy\/#breadcrumb\"},\"inLanguage\":\"es\",\"potentialAction\":[{\"@type\":\"ReadAction\",\"target\":[\"https:\/\/the-good-circle.com\/privacy-policy\/\"]}]},{\"@type\":\"BreadcrumbList\",\"@id\":\"https:\/\/the-good-circle.com\/privacy-policy\/#breadcrumb\",\"itemListElement\":[{\"@type\":\"ListItem\",\"position\":1,\"name\":\"Portada\",\"item\":\"https:\/\/the-good-circle.com\/es\/\"},{\"@type\":\"ListItem\",\"position\":2,\"name\":\"pol\u00edtica de privacidad\"}]},{\"@type\":\"WebSite\",\"@id\":\"https:\/\/the-good-circle.com\/#website\",\"url\":\"https:\/\/the-good-circle.com\/\",\"name\":\"The Good Circle\",\"description\":\"Here to help take the awkwardness away\",\"potentialAction\":[{\"@type\":\"SearchAction\",\"target\":{\"@type\":\"EntryPoint\",\"urlTemplate\":\"https:\/\/the-good-circle.com\/?s={search_term_string}\"},\"query-input\":{\"@type\":\"PropertyValueSpecification\",\"valueRequired\":true,\"valueName\":\"search_term_string\"}}],\"inLanguage\":\"es\"}]}<\/script>\n<!-- \/ Yoast SEO plugin. -->","yoast_head_json":{"title":"pol\u00edtica de privacidad - The Good Circle","robots":{"index":"index","follow":"follow","max-snippet":"max-snippet:-1","max-image-preview":"max-image-preview:large","max-video-preview":"max-video-preview:-1"},"canonical":"https:\/\/the-good-circle.com\/privacy-policy\/","og_locale":"es_ES","og_type":"article","og_title":"pol\u00edtica de privacidad - The Good Circle","og_description":"pol\u00edtica de privacidadlegales1. AnteriorThe Good Circle desea informar a los usuarios de su p\u00e1gina web sobre la pol\u00edtica respecto del tratamiento y protecci\u00f3n de los datos de car\u00e1cter personal de aquellas personas que voluntariamente utilicen el correo electr\u00f3nico para ponerse en contacto con nosotros o cualquier otro servicio de la p\u00e1gina web que implique la [&hellip;]","og_url":"https:\/\/the-good-circle.com\/privacy-policy\/","og_site_name":"The Good Circle","article_modified_time":"2025-05-19T14:11:27+00:00","twitter_card":"summary_large_image","twitter_misc":{"Tiempo de lectura":"10 minutos"},"schema":{"@context":"https:\/\/schema.org","@graph":[{"@type":"WebPage","@id":"https:\/\/the-good-circle.com\/privacy-policy\/","url":"https:\/\/the-good-circle.com\/privacy-policy\/","name":"pol\u00edtica de privacidad - The Good Circle","isPartOf":{"@id":"https:\/\/the-good-circle.com\/#website"},"datePublished":"2023-10-14T14:02:10+00:00","dateModified":"2025-05-19T14:11:27+00:00","breadcrumb":{"@id":"https:\/\/the-good-circle.com\/privacy-policy\/#breadcrumb"},"inLanguage":"es","potentialAction":[{"@type":"ReadAction","target":["https:\/\/the-good-circle.com\/privacy-policy\/"]}]},{"@type":"BreadcrumbList","@id":"https:\/\/the-good-circle.com\/privacy-policy\/#breadcrumb","itemListElement":[{"@type":"ListItem","position":1,"name":"Portada","item":"https:\/\/the-good-circle.com\/es\/"},{"@type":"ListItem","position":2,"name":"pol\u00edtica de privacidad"}]},{"@type":"WebSite","@id":"https:\/\/the-good-circle.com\/#website","url":"https:\/\/the-good-circle.com\/","name":"The Good Circle","description":"Here to help take the awkwardness away","potentialAction":[{"@type":"SearchAction","target":{"@type":"EntryPoint","urlTemplate":"https:\/\/the-good-circle.com\/?s={search_term_string}"},"query-input":{"@type":"PropertyValueSpecification","valueRequired":true,"valueName":"search_term_string"}}],"inLanguage":"es"}]}},"_links":{"self":[{"href":"https:\/\/the-good-circle.com\/es\/wp-json\/wp\/v2\/pages\/231359","targetHints":{"allow":["GET"]}}],"collection":[{"href":"https:\/\/the-good-circle.com\/es\/wp-json\/wp\/v2\/pages"}],"about":[{"href":"https:\/\/the-good-circle.com\/es\/wp-json\/wp\/v2\/types\/page"}],"author":[{"embeddable":true,"href":"https:\/\/the-good-circle.com\/es\/wp-json\/wp\/v2\/users\/1"}],"replies":[{"embeddable":true,"href":"https:\/\/the-good-circle.com\/es\/wp-json\/wp\/v2\/comments?post=231359"}],"version-history":[{"count":4,"href":"https:\/\/the-good-circle.com\/es\/wp-json\/wp\/v2\/pages\/231359\/revisions"}],"predecessor-version":[{"id":231562,"href":"https:\/\/the-good-circle.com\/es\/wp-json\/wp\/v2\/pages\/231359\/revisions\/231562"}],"wp:attachment":[{"href":"https:\/\/the-good-circle.com\/es\/wp-json\/wp\/v2\/media?parent=231359"}],"curies":[{"name":"wp","href":"https:\/\/api.w.org\/{rel}","templated":true}]}}