{"id":232271,"date":"2025-05-20T08:29:33","date_gmt":"2025-05-20T06:29:33","guid":{"rendered":"https:\/\/the-good-circle.com\/eventos\/"},"modified":"2025-10-15T11:55:27","modified_gmt":"2025-10-15T09:55:27","slug":"eventos","status":"publish","type":"page","link":"https:\/\/the-good-circle.com\/es\/eventos\/","title":{"rendered":"Eventos"},"content":{"rendered":"<p>[et_pb_section fb_built=\u00bb1&#8243; module_id=\u00bbProductos\u00bb _builder_version=\u00bb4.27.4&#8243; _module_preset=\u00bbdefault\u00bb locked=\u00bboff\u00bb global_colors_info=\u00bb{}\u00bb][et_pb_row use_custom_gutter=\u00bbon\u00bb gutter_width=\u00bb2&#8243; make_equal=\u00bbon\u00bb _builder_version=\u00bb4.27.4&#8243; _module_preset=\u00bbdefault\u00bb width=\u00bb90%\u00bb custom_margin=\u00bb0px||||false|false\u00bb custom_padding=\u00bb0px||||false|false\u00bb collapsed=\u00bboff\u00bb global_colors_info=\u00bb{}\u00bb][et_pb_column type=\u00bb4_4&#8243; _builder_version=\u00bb4.24.0&#8243; _module_preset=\u00bbdefault\u00bb custom_padding=\u00bb||||false|false\u00bb global_colors_info=\u00bb{}\u00bb][et_pb_text _builder_version=\u00bb4.27.4&#8243; _module_preset=\u00bbdefault\u00bb text_font=\u00bbOutfit|800|||||||\u00bb text_text_color=\u00bb#FFFFFF\u00bb text_font_size=\u00bb12px\u00bb header_4_font=\u00bbOutfit|800|||||||\u00bb header_4_text_align=\u00bbcenter\u00bb header_4_text_color=\u00bb#FFFFFF\u00bb header_4_font_size=\u00bb12px\u00bb header_4_line_height=\u00bb0.6em\u00bb background_color=\u00bb#06B50A\u00bb custom_margin=\u00bb0px||0px||false|false\u00bb custom_padding=\u00bb4px|10px|4px|10px|true|false\u00bb custom_css_main_element=\u00bbdisplay:inline-block;\u00bb border_radii=\u00bbon|20px|20px|20px|20px\u00bb locked=\u00bboff\u00bb global_colors_info=\u00bb{}\u00bb]<\/p>\n<p>EVENTOS TGC<\/p>\n<p>[\/et_pb_text][et_pb_text _builder_version=\u00bb4.27.4&#8243; _module_preset=\u00bbdefault\u00bb header_font=\u00bbOutfit|800||on|||||\u00bb header_text_color=\u00bb#000000&#8243; header_font_size=\u00bb86px\u00bb header_2_font=\u00bbOutfit|800||on|||||\u00bb header_2_text_align=\u00bbleft\u00bb header_2_text_color=\u00bb#FFDC00&#8243; header_2_font_size=\u00bb80px\u00bb header_2_letter_spacing=\u00bb-2px\u00bb max_width_tablet=\u00bb500px\u00bb max_width_phone=\u00bb500px\u00bb max_width_last_edited=\u00bbon|phone\u00bb custom_margin=\u00bb||0px||false|false\u00bb custom_padding=\u00bb||0px||false|false\u00bb header_font_size_tablet=\u00bb54px\u00bb header_font_size_phone=\u00bb32px\u00bb header_font_size_last_edited=\u00bbon|phone\u00bb header_2_font_size_tablet=\u00bb50px\u00bb header_2_font_size_phone=\u00bb30px\u00bb header_2_font_size_last_edited=\u00bbon|phone\u00bb global_colors_info=\u00bb{}\u00bb]<\/p>\n<h1>EVENTOS<\/h1>\n<p>[\/et_pb_text][et_pb_text _builder_version=\u00bb4.27.4&#8243; _module_preset=\u00bbdefault\u00bb header_font=\u00bbOutfit|800||on|||||\u00bb header_text_color=\u00bb#FFFFFF\u00bb header_font_size=\u00bb120px\u00bb header_letter_spacing=\u00bb-2px\u00bb header_2_font=\u00bbOutfit|800||on|||||\u00bb header_2_text_align=\u00bbleft\u00bb header_2_text_color=\u00bb#000000&#8243; header_2_font_size=\u00bb60px\u00bb max_width_tablet=\u00bb500px\u00bb max_width_phone=\u00bb500px\u00bb max_width_last_edited=\u00bbon|phone\u00bb custom_margin=\u00bb0px||||false|false\u00bb custom_padding=\u00bb0px||0px||false|false\u00bb header_font_size_tablet=\u00bb82px\u00bb header_font_size_phone=\u00bb78px\u00bb header_font_size_last_edited=\u00bbon|phone\u00bb header_2_font_size_tablet=\u00bb40px\u00bb header_2_font_size_phone=\u00bb20px\u00bb header_2_font_size_last_edited=\u00bbon|phone\u00bb global_colors_info=\u00bb{}\u00bb]<\/p>\n<h2>Conoce gente nueva e interesante<\/h2>\n<p>[\/et_pb_text][et_pb_text _builder_version=\u00bb4.27.4&#8243; _module_preset=\u00bbdefault\u00bb text_font=\u00bbManrope||||||||\u00bb text_text_color=\u00bb#999999&#8243; text_font_size=\u00bb18px\u00bb global_colors_info=\u00bb{}\u00bb]<\/p>\n<p><strong>Aqu\u00ed encontrar\u00e1s informaci\u00f3n sobre nuestros pr\u00f3ximos eventos.<\/strong><br \/>Podr\u00e1s ver todos los detalles de cada uno de ellos haciendo clic sobre ellos. No obstante, si tienes m\u00e1s preguntas, puedes ponerte en contacto con nosotros <strong><a href=\"https:\/\/the-good-circle.com\/es\/di-hola\/\">aqu\u00ed.<\/a><\/strong><\/p>\n<p>[\/et_pb_text][\/et_pb_column][\/et_pb_row][et_pb_row _builder_version=\u00bb4.27.4&#8243; _module_preset=\u00bbdefault\u00bb width=\u00bb90%\u00bb max_width=\u00bb90%\u00bb global_colors_info=\u00bb{}\u00bb][et_pb_column type=\u00bb4_4&#8243; _builder_version=\u00bb4.27.4&#8243; _module_preset=\u00bbdefault\u00bb global_colors_info=\u00bb{}\u00bb][et_pb_shop type=\u00bbproduct_category\u00bb posts_number=\u00bb1&#8243; include_categories=\u00bb46&#8243; columns_number=\u00bb3&#8243; icon_hover_color=\u00bb#FFDC00&#8243; hover_overlay_color=\u00bbrgba(11,12,240,0.45)\u00bb hover_icon=\u00bb&#xf069;||fa||900&#8243; show_price=\u00bboff\u00bb show_rating=\u00bboff\u00bb _builder_version=\u00bb4.27.4&#8243; _module_preset=\u00bbdefault\u00bb title_font=\u00bbManrope|800|||||||\u00bb title_text_color=\u00bb#000000&#8243; title_font_size=\u00bb22px\u00bb price_font=\u00bbManrope|700|||||||\u00bb price_text_color=\u00bb#0B0CF0&#8243; price_font_size=\u00bb20px\u00bb sale_price_font=\u00bbManrope||||||||\u00bb custom_margin=\u00bb||||false|false\u00bb custom_padding=\u00bb||||false|false\u00bb hover_enabled=\u00bb0&#8243; border_radii_image=\u00bbon|20px|20px|20px|20px\u00bb box_shadow_style_image=\u00bbpreset3&#8243; box_shadow_blur_image=\u00bb30px\u00bb global_colors_info=\u00bb{}\u00bb sticky_enabled=\u00bb0&#8243;][\/et_pb_shop][\/et_pb_column][\/et_pb_row][\/et_pb_section]<\/p>\n","protected":false},"excerpt":{"rendered":"<p>EVENTOS TGCEVENTOSConoce gente nueva e interesanteAqu\u00ed encontrar\u00e1s informaci\u00f3n sobre nuestros pr\u00f3ximos eventos.Podr\u00e1s ver todos los detalles de cada uno de ellos haciendo clic sobre ellos. No obstante, si tienes m\u00e1s preguntas, puedes ponerte en contacto con nosotros aqu\u00ed.<\/p>\n","protected":false},"author":1,"featured_media":0,"parent":0,"menu_order":0,"comment_status":"closed","ping_status":"closed","template":"","meta":{"_acf_changed":false,"_et_pb_use_builder":"on","_et_pb_old_content":"","_et_gb_content_width":"","footnotes":""},"class_list":["post-232271","page","type-page","status-publish","hentry"],"acf":[],"yoast_head":"<!-- This site is optimized with the Yoast SEO plugin v26.9 - https:\/\/yoast.com\/product\/yoast-seo-wordpress\/ -->\n<title>Eventos - The Good Circle<\/title>\n<meta name=\"robots\" content=\"index, follow, max-snippet:-1, max-image-preview:large, max-video-preview:-1\" \/>\n<link rel=\"canonical\" href=\"https:\/\/the-good-circle.com\/events\/\" \/>\n<meta property=\"og:locale\" content=\"es_ES\" \/>\n<meta property=\"og:type\" content=\"article\" \/>\n<meta property=\"og:title\" content=\"Eventos - The Good Circle\" \/>\n<meta property=\"og:description\" content=\"EVENTOS TGCEVENTOSConoce gente nueva e interesanteAqu\u00ed encontrar\u00e1s informaci\u00f3n sobre nuestros pr\u00f3ximos eventos.Podr\u00e1s ver todos los detalles de cada uno de ellos haciendo clic sobre ellos. No obstante, si tienes m\u00e1s preguntas, puedes ponerte en contacto con nosotros aqu\u00ed.\" \/>\n<meta property=\"og:url\" content=\"https:\/\/the-good-circle.com\/events\/\" \/>\n<meta property=\"og:site_name\" content=\"The Good Circle\" \/>\n<meta property=\"article:modified_time\" content=\"2025-10-15T09:55:27+00:00\" \/>\n<meta name=\"twitter:card\" content=\"summary_large_image\" \/>\n<meta name=\"twitter:label1\" content=\"Tiempo de lectura\" \/>\n\t<meta name=\"twitter:data1\" content=\"3 minutos\" \/>\n<script type=\"application\/ld+json\" class=\"yoast-schema-graph\">{\"@context\":\"https:\/\/schema.org\",\"@graph\":[{\"@type\":\"WebPage\",\"@id\":\"https:\/\/the-good-circle.com\/events\/\",\"url\":\"https:\/\/the-good-circle.com\/events\/\",\"name\":\"Eventos - The Good Circle\",\"isPartOf\":{\"@id\":\"https:\/\/the-good-circle.com\/#website\"},\"datePublished\":\"2025-05-20T06:29:33+00:00\",\"dateModified\":\"2025-10-15T09:55:27+00:00\",\"breadcrumb\":{\"@id\":\"https:\/\/the-good-circle.com\/events\/#breadcrumb\"},\"inLanguage\":\"es\",\"potentialAction\":[{\"@type\":\"ReadAction\",\"target\":[\"https:\/\/the-good-circle.com\/events\/\"]}]},{\"@type\":\"BreadcrumbList\",\"@id\":\"https:\/\/the-good-circle.com\/events\/#breadcrumb\",\"itemListElement\":[{\"@type\":\"ListItem\",\"position\":1,\"name\":\"Portada\",\"item\":\"https:\/\/the-good-circle.com\/es\/\"},{\"@type\":\"ListItem\",\"position\":2,\"name\":\"Eventos\"}]},{\"@type\":\"WebSite\",\"@id\":\"https:\/\/the-good-circle.com\/#website\",\"url\":\"https:\/\/the-good-circle.com\/\",\"name\":\"The Good Circle\",\"description\":\"Here to help take the awkwardness away\",\"potentialAction\":[{\"@type\":\"SearchAction\",\"target\":{\"@type\":\"EntryPoint\",\"urlTemplate\":\"https:\/\/the-good-circle.com\/?s={search_term_string}\"},\"query-input\":{\"@type\":\"PropertyValueSpecification\",\"valueRequired\":true,\"valueName\":\"search_term_string\"}}],\"inLanguage\":\"es\"}]}<\/script>\n<!-- \/ Yoast SEO plugin. -->","yoast_head_json":{"title":"Eventos - The Good Circle","robots":{"index":"index","follow":"follow","max-snippet":"max-snippet:-1","max-image-preview":"max-image-preview:large","max-video-preview":"max-video-preview:-1"},"canonical":"https:\/\/the-good-circle.com\/events\/","og_locale":"es_ES","og_type":"article","og_title":"Eventos - The Good Circle","og_description":"EVENTOS TGCEVENTOSConoce gente nueva e interesanteAqu\u00ed encontrar\u00e1s informaci\u00f3n sobre nuestros pr\u00f3ximos eventos.Podr\u00e1s ver todos los detalles de cada uno de ellos haciendo clic sobre ellos. No obstante, si tienes m\u00e1s preguntas, puedes ponerte en contacto con nosotros aqu\u00ed.","og_url":"https:\/\/the-good-circle.com\/events\/","og_site_name":"The Good Circle","article_modified_time":"2025-10-15T09:55:27+00:00","twitter_card":"summary_large_image","twitter_misc":{"Tiempo de lectura":"3 minutos"},"schema":{"@context":"https:\/\/schema.org","@graph":[{"@type":"WebPage","@id":"https:\/\/the-good-circle.com\/events\/","url":"https:\/\/the-good-circle.com\/events\/","name":"Eventos - The Good Circle","isPartOf":{"@id":"https:\/\/the-good-circle.com\/#website"},"datePublished":"2025-05-20T06:29:33+00:00","dateModified":"2025-10-15T09:55:27+00:00","breadcrumb":{"@id":"https:\/\/the-good-circle.com\/events\/#breadcrumb"},"inLanguage":"es","potentialAction":[{"@type":"ReadAction","target":["https:\/\/the-good-circle.com\/events\/"]}]},{"@type":"BreadcrumbList","@id":"https:\/\/the-good-circle.com\/events\/#breadcrumb","itemListElement":[{"@type":"ListItem","position":1,"name":"Portada","item":"https:\/\/the-good-circle.com\/es\/"},{"@type":"ListItem","position":2,"name":"Eventos"}]},{"@type":"WebSite","@id":"https:\/\/the-good-circle.com\/#website","url":"https:\/\/the-good-circle.com\/","name":"The Good Circle","description":"Here to help take the awkwardness away","potentialAction":[{"@type":"SearchAction","target":{"@type":"EntryPoint","urlTemplate":"https:\/\/the-good-circle.com\/?s={search_term_string}"},"query-input":{"@type":"PropertyValueSpecification","valueRequired":true,"valueName":"search_term_string"}}],"inLanguage":"es"}]}},"_links":{"self":[{"href":"https:\/\/the-good-circle.com\/es\/wp-json\/wp\/v2\/pages\/232271","targetHints":{"allow":["GET"]}}],"collection":[{"href":"https:\/\/the-good-circle.com\/es\/wp-json\/wp\/v2\/pages"}],"about":[{"href":"https:\/\/the-good-circle.com\/es\/wp-json\/wp\/v2\/types\/page"}],"author":[{"embeddable":true,"href":"https:\/\/the-good-circle.com\/es\/wp-json\/wp\/v2\/users\/1"}],"replies":[{"embeddable":true,"href":"https:\/\/the-good-circle.com\/es\/wp-json\/wp\/v2\/comments?post=232271"}],"version-history":[{"count":5,"href":"https:\/\/the-good-circle.com\/es\/wp-json\/wp\/v2\/pages\/232271\/revisions"}],"predecessor-version":[{"id":232343,"href":"https:\/\/the-good-circle.com\/es\/wp-json\/wp\/v2\/pages\/232271\/revisions\/232343"}],"wp:attachment":[{"href":"https:\/\/the-good-circle.com\/es\/wp-json\/wp\/v2\/media?parent=232271"}],"curies":[{"name":"wp","href":"https:\/\/api.w.org\/{rel}","templated":true}]}}