{"id":232215,"date":"2025-10-08T10:05:27","date_gmt":"2025-10-08T08:05:27","guid":{"rendered":"https:\/\/the-good-circle.com\/product\/tennis-court-orange-tgc-x-aparte\/"},"modified":"2025-10-08T10:31:43","modified_gmt":"2025-10-08T08:31:43","slug":"tennis-court-orange-tgc-x-aparte","status":"publish","type":"product","link":"https:\/\/the-good-circle.com\/es\/producto\/tennis-court-orange-tgc-x-aparte\/","title":{"rendered":"Tennis Court Orange TGC x Aparte"},"content":{"rendered":"<p>[et_pb_section fb_built=\u00bb1&#8243; _builder_version=\u00bb4.16&#8243; custom_padding=\u00bb0px||||false|false\u00bb collapsed=\u00bbon\u00bb global_colors_info=\u00bb{}\u00bb][et_pb_row _builder_version=\u00bb4.16&#8243; background_size=\u00bbinitial\u00bb background_position=\u00bbtop_left\u00bb background_repeat=\u00bbrepeat\u00bb width=\u00bb100%\u00bb custom_padding=\u00bb0px||0px||false|false\u00bb global_colors_info=\u00bb{}\u00bb][et_pb_column type=\u00bb4_4&#8243; _builder_version=\u00bb4.16&#8243; custom_padding=\u00bb|||\u00bb global_colors_info=\u00bb{}\u00bb custom_padding__hover=\u00bb|||\u00bb][et_pb_wc_breadcrumb _builder_version=\u00bb4.27.4&#8243; body_font=\u00bbManrope||||||||\u00bb global_colors_info=\u00bb{}\u00bb][\/et_pb_wc_breadcrumb][et_pb_wc_cart_notice _builder_version=\u00bb4.27.4&#8243; title_font=\u00bbManrope||||||||\u00bb title_font_size=\u00bb16px\u00bb custom_button=\u00bbon\u00bb button_text_size=\u00bb14px\u00bb button_text_color=\u00bb#E21313&#8243; button_bg_color=\u00bb#FFFFFF\u00bb button_border_width=\u00bb0px\u00bb button_border_color=\u00bb#FFFFFF\u00bb button_border_radius=\u00bb100px\u00bb button_letter_spacing=\u00bb-0.5px\u00bb button_font=\u00bbOutfit|700||on|||||\u00bb button_icon=\u00bb&#xf069;||fa||900&#8243; button_icon_color=\u00bb#000000&#8243; button_on_hover=\u00bboff\u00bb button_custom_padding=\u00bb10px|40px|10px|20px|true|false\u00bb border_radii=\u00bbon|20px|20px|20px|20px\u00bb global_colors_info=\u00bb{}\u00bb button_text_color__hover=\u00bb#FFFFFF\u00bb button_text_color__hover_enabled=\u00bbon|hover\u00bb button_bg_color__hover=\u00bb#000000&#8243; button_bg_color__hover_enabled=\u00bbon|hover\u00bb button_border_color__hover=\u00bbRGBA(255,255,255,0)\u00bb button_border_color__hover_enabled=\u00bbon|hover\u00bb button_letter_spacing__hover=\u00bb0px\u00bb button_letter_spacing__hover_enabled=\u00bbon|hover\u00bb button_icon_color__hover=\u00bb#E21313&#8243; button_icon_color__hover_enabled=\u00bbon|hover\u00bb][\/et_pb_wc_cart_notice][\/et_pb_column][\/et_pb_row][et_pb_row column_structure=\u00bb1_2,1_2&#8243; _builder_version=\u00bb4.16&#8243; background_size=\u00bbinitial\u00bb background_position=\u00bbtop_left\u00bb background_repeat=\u00bbrepeat\u00bb width=\u00bb100%\u00bb custom_padding=\u00bb0px||||false|false\u00bb global_colors_info=\u00bb{}\u00bb][et_pb_column type=\u00bb1_2&#8243; _builder_version=\u00bb4.16&#8243; custom_padding=\u00bb|||\u00bb global_colors_info=\u00bb{}\u00bb custom_padding__hover=\u00bb|||\u00bb][et_pb_wc_images _builder_version=\u00bb4.27.4&#8243; border_radii=\u00bbon|20px|20px|20px|20px\u00bb border_radii_image=\u00bbon|6px|6px|6px|6px\u00bb global_colors_info=\u00bb{}\u00bb][\/et_pb_wc_images][\/et_pb_column][et_pb_column type=\u00bb1_2&#8243; _builder_version=\u00bb4.16&#8243; custom_padding=\u00bb|||\u00bb global_colors_info=\u00bb{}\u00bb custom_padding__hover=\u00bb|||\u00bb][et_pb_wc_title _builder_version=\u00bb4.27.4&#8243; header_font=\u00bbManrope|700|||||||\u00bb header_text_color=\u00bb#000000&#8243; header_font_size=\u00bb42px\u00bb header_letter_spacing=\u00bb-0.5px\u00bb global_colors_info=\u00bb{}\u00bb][\/et_pb_wc_title][et_pb_wc_rating _builder_version=\u00bb4.16&#8243; global_colors_info=\u00bb{}\u00bb][\/et_pb_wc_rating][et_pb_wc_price _builder_version=\u00bb4.27.4&#8243; body_font=\u00bbManrope||||||||\u00bb body_text_color=\u00bb#0B0CF0&#8243; global_colors_info=\u00bb{}\u00bb][\/et_pb_wc_price][et_pb_wc_description _builder_version=\u00bb4.27.4&#8243; body_font=\u00bbManrope||||||||\u00bb body_font_size=\u00bb18px\u00bb body_line_height=\u00bb1.3em\u00bb global_colors_info=\u00bb{}\u00bb][\/et_pb_wc_description][et_pb_wc_add_to_cart _builder_version=\u00bb4.27.4&#8243; custom_button=\u00bbon\u00bb button_text_size=\u00bb14px\u00bb button_text_color=\u00bb#0B0CF0&#8243; button_bg_color=\u00bb#FFDC00&#8243; button_border_width=\u00bb0px\u00bb button_border_color=\u00bbRGBA(255,255,255,0)\u00bb button_border_radius=\u00bb100px\u00bb button_letter_spacing=\u00bb-0.5px\u00bb button_font=\u00bbOutfit|700||on|||||\u00bb button_icon=\u00bb&#xe07a;||divi||400&#8243; button_icon_color=\u00bb#06B50A\u00bb button_on_hover=\u00bboff\u00bb button_custom_padding=\u00bb10px|40px|10px|20px|false|false\u00bb global_colors_info=\u00bb{}\u00bb button_text_color__hover=\u00bb#FFFFFF\u00bb button_text_color__hover_enabled=\u00bbon|hover\u00bb button_bg_color__hover=\u00bb#000000&#8243; button_bg_color__hover_enabled=\u00bbon|hover\u00bb button_border_color__hover=\u00bbRGBA(255,255,255,0)\u00bb button_border_color__hover_enabled=\u00bbon|hover\u00bb button_letter_spacing__hover=\u00bb0px\u00bb button_letter_spacing__hover_enabled=\u00bbon|hover\u00bb button_icon_color__hover=\u00bb#E21313&#8243; button_icon_color__hover_enabled=\u00bbon|hover\u00bb][\/et_pb_wc_add_to_cart][\/et_pb_column][\/et_pb_row][\/et_pb_section]<\/p>\n","protected":false},"excerpt":{"rendered":"<p>Nuestras nuevas gorras muy \u00abGOOD\u00bb, en colaboraci\u00f3n con nuestros amigos de Aparte Clothing.<br \/>\nSon gorras de 6 paneles estilo Dad Hat, con letras bordadas y la ic\u00f3nica margarita en la parte delantera, y una correa ajustable en la parte trasera.<\/p>\n<p><strong>* Env\u00edo gratuito en pedidos de 2 o m\u00e1s unidades.<\/strong><\/p>\n","protected":false},"featured_media":232172,"template":"","meta":{"_acf_changed":false,"_et_pb_use_builder":"on","_et_pb_old_content":"","_et_gb_content_width":""},"product_brand":[],"product_cat":[41],"product_tag":[],"class_list":{"0":"post-232215","1":"product","2":"type-product","3":"status-publish","4":"has-post-thumbnail","6":"product_cat-uncategorized-es","8":"first","9":"instock","10":"shipping-taxable","11":"purchasable","12":"product-type-simple"},"acf":[],"yoast_head":"<!-- This site is optimized with the Yoast SEO plugin v26.9 - https:\/\/yoast.com\/product\/yoast-seo-wordpress\/ -->\n<title>Tennis Court Orange TGC x Aparte - The Good Circle<\/title>\n<meta name=\"robots\" content=\"index, follow, max-snippet:-1, max-image-preview:large, max-video-preview:-1\" \/>\n<link rel=\"canonical\" href=\"https:\/\/the-good-circle.com\/es\/producto\/tennis-court-orange-tgc-x-aparte\/\" \/>\n<meta property=\"og:locale\" content=\"es_ES\" \/>\n<meta property=\"og:type\" content=\"article\" \/>\n<meta property=\"og:title\" content=\"Tennis Court Orange TGC x Aparte - The Good Circle\" \/>\n<meta property=\"og:description\" content=\"Nuestras nuevas gorras muy &quot;GOOD&quot;, en colaboraci\u00f3n con nuestros amigos de Aparte Clothing. Son gorras de 6 paneles estilo Dad Hat, con letras bordadas y la ic\u00f3nica margarita en la parte delantera, y una correa ajustable en la parte trasera.  * Env\u00edo gratuito en pedidos de 2 o m\u00e1s unidades.\" \/>\n<meta property=\"og:url\" content=\"https:\/\/the-good-circle.com\/es\/producto\/tennis-court-orange-tgc-x-aparte\/\" \/>\n<meta property=\"og:site_name\" content=\"The Good Circle\" \/>\n<meta property=\"article:modified_time\" content=\"2025-10-08T08:31:43+00:00\" \/>\n<meta property=\"og:image\" content=\"https:\/\/the-good-circle.com\/wp-content\/uploads\/2025\/07\/tgc01_fixed.jpg\" \/>\n\t<meta property=\"og:image:width\" content=\"800\" \/>\n\t<meta property=\"og:image:height\" content=\"800\" \/>\n\t<meta property=\"og:image:type\" content=\"image\/jpeg\" \/>\n<meta name=\"twitter:card\" content=\"summary_large_image\" \/>\n<meta name=\"twitter:label1\" content=\"Tiempo de lectura\" \/>\n\t<meta name=\"twitter:data1\" content=\"1 minuto\" \/>\n<script type=\"application\/ld+json\" class=\"yoast-schema-graph\">{\"@context\":\"https:\/\/schema.org\",\"@graph\":[{\"@type\":\"WebPage\",\"@id\":\"https:\/\/the-good-circle.com\/es\/producto\/tennis-court-orange-tgc-x-aparte\/\",\"url\":\"https:\/\/the-good-circle.com\/es\/producto\/tennis-court-orange-tgc-x-aparte\/\",\"name\":\"Tennis Court Orange TGC x Aparte - The Good Circle\",\"isPartOf\":{\"@id\":\"https:\/\/the-good-circle.com\/#website\"},\"primaryImageOfPage\":{\"@id\":\"https:\/\/the-good-circle.com\/es\/producto\/tennis-court-orange-tgc-x-aparte\/#primaryimage\"},\"image\":{\"@id\":\"https:\/\/the-good-circle.com\/es\/producto\/tennis-court-orange-tgc-x-aparte\/#primaryimage\"},\"thumbnailUrl\":\"https:\/\/the-good-circle.com\/wp-content\/uploads\/2025\/07\/tgc01_fixed.jpg\",\"datePublished\":\"2025-10-08T08:05:27+00:00\",\"dateModified\":\"2025-10-08T08:31:43+00:00\",\"breadcrumb\":{\"@id\":\"https:\/\/the-good-circle.com\/es\/producto\/tennis-court-orange-tgc-x-aparte\/#breadcrumb\"},\"inLanguage\":\"es\",\"potentialAction\":[{\"@type\":\"ReadAction\",\"target\":[\"https:\/\/the-good-circle.com\/es\/producto\/tennis-court-orange-tgc-x-aparte\/\"]}]},{\"@type\":\"ImageObject\",\"inLanguage\":\"es\",\"@id\":\"https:\/\/the-good-circle.com\/es\/producto\/tennis-court-orange-tgc-x-aparte\/#primaryimage\",\"url\":\"https:\/\/the-good-circle.com\/wp-content\/uploads\/2025\/07\/tgc01_fixed.jpg\",\"contentUrl\":\"https:\/\/the-good-circle.com\/wp-content\/uploads\/2025\/07\/tgc01_fixed.jpg\",\"width\":800,\"height\":800,\"caption\":\"Tennis Court Orange TGC x Aparte\"},{\"@type\":\"BreadcrumbList\",\"@id\":\"https:\/\/the-good-circle.com\/es\/producto\/tennis-court-orange-tgc-x-aparte\/#breadcrumb\",\"itemListElement\":[{\"@type\":\"ListItem\",\"position\":1,\"name\":\"Portada\",\"item\":\"https:\/\/the-good-circle.com\/es\/\"},{\"@type\":\"ListItem\",\"position\":2,\"name\":\"Shop\",\"item\":\"https:\/\/the-good-circle.com\/shop\/\"},{\"@type\":\"ListItem\",\"position\":3,\"name\":\"Tennis Court Orange TGC x Aparte\"}]},{\"@type\":\"WebSite\",\"@id\":\"https:\/\/the-good-circle.com\/#website\",\"url\":\"https:\/\/the-good-circle.com\/\",\"name\":\"The Good Circle\",\"description\":\"Here to help take the awkwardness away\",\"potentialAction\":[{\"@type\":\"SearchAction\",\"target\":{\"@type\":\"EntryPoint\",\"urlTemplate\":\"https:\/\/the-good-circle.com\/?s={search_term_string}\"},\"query-input\":{\"@type\":\"PropertyValueSpecification\",\"valueRequired\":true,\"valueName\":\"search_term_string\"}}],\"inLanguage\":\"es\"}]}<\/script>\n<!-- \/ Yoast SEO plugin. -->","yoast_head_json":{"title":"Tennis Court Orange TGC x Aparte - The Good Circle","robots":{"index":"index","follow":"follow","max-snippet":"max-snippet:-1","max-image-preview":"max-image-preview:large","max-video-preview":"max-video-preview:-1"},"canonical":"https:\/\/the-good-circle.com\/es\/producto\/tennis-court-orange-tgc-x-aparte\/","og_locale":"es_ES","og_type":"article","og_title":"Tennis Court Orange TGC x Aparte - The Good Circle","og_description":"Nuestras nuevas gorras muy \"GOOD\", en colaboraci\u00f3n con nuestros amigos de Aparte Clothing. Son gorras de 6 paneles estilo Dad Hat, con letras bordadas y la ic\u00f3nica margarita en la parte delantera, y una correa ajustable en la parte trasera.  * Env\u00edo gratuito en pedidos de 2 o m\u00e1s unidades.","og_url":"https:\/\/the-good-circle.com\/es\/producto\/tennis-court-orange-tgc-x-aparte\/","og_site_name":"The Good Circle","article_modified_time":"2025-10-08T08:31:43+00:00","og_image":[{"width":800,"height":800,"url":"https:\/\/the-good-circle.com\/wp-content\/uploads\/2025\/07\/tgc01_fixed.jpg","type":"image\/jpeg"}],"twitter_card":"summary_large_image","twitter_misc":{"Tiempo de lectura":"1 minuto"},"schema":{"@context":"https:\/\/schema.org","@graph":[{"@type":"WebPage","@id":"https:\/\/the-good-circle.com\/es\/producto\/tennis-court-orange-tgc-x-aparte\/","url":"https:\/\/the-good-circle.com\/es\/producto\/tennis-court-orange-tgc-x-aparte\/","name":"Tennis Court Orange TGC x Aparte - The Good Circle","isPartOf":{"@id":"https:\/\/the-good-circle.com\/#website"},"primaryImageOfPage":{"@id":"https:\/\/the-good-circle.com\/es\/producto\/tennis-court-orange-tgc-x-aparte\/#primaryimage"},"image":{"@id":"https:\/\/the-good-circle.com\/es\/producto\/tennis-court-orange-tgc-x-aparte\/#primaryimage"},"thumbnailUrl":"https:\/\/the-good-circle.com\/wp-content\/uploads\/2025\/07\/tgc01_fixed.jpg","datePublished":"2025-10-08T08:05:27+00:00","dateModified":"2025-10-08T08:31:43+00:00","breadcrumb":{"@id":"https:\/\/the-good-circle.com\/es\/producto\/tennis-court-orange-tgc-x-aparte\/#breadcrumb"},"inLanguage":"es","potentialAction":[{"@type":"ReadAction","target":["https:\/\/the-good-circle.com\/es\/producto\/tennis-court-orange-tgc-x-aparte\/"]}]},{"@type":"ImageObject","inLanguage":"es","@id":"https:\/\/the-good-circle.com\/es\/producto\/tennis-court-orange-tgc-x-aparte\/#primaryimage","url":"https:\/\/the-good-circle.com\/wp-content\/uploads\/2025\/07\/tgc01_fixed.jpg","contentUrl":"https:\/\/the-good-circle.com\/wp-content\/uploads\/2025\/07\/tgc01_fixed.jpg","width":800,"height":800,"caption":"Tennis Court Orange TGC x Aparte"},{"@type":"BreadcrumbList","@id":"https:\/\/the-good-circle.com\/es\/producto\/tennis-court-orange-tgc-x-aparte\/#breadcrumb","itemListElement":[{"@type":"ListItem","position":1,"name":"Portada","item":"https:\/\/the-good-circle.com\/es\/"},{"@type":"ListItem","position":2,"name":"Shop","item":"https:\/\/the-good-circle.com\/shop\/"},{"@type":"ListItem","position":3,"name":"Tennis Court Orange TGC x Aparte"}]},{"@type":"WebSite","@id":"https:\/\/the-good-circle.com\/#website","url":"https:\/\/the-good-circle.com\/","name":"The Good Circle","description":"Here to help take the awkwardness away","potentialAction":[{"@type":"SearchAction","target":{"@type":"EntryPoint","urlTemplate":"https:\/\/the-good-circle.com\/?s={search_term_string}"},"query-input":{"@type":"PropertyValueSpecification","valueRequired":true,"valueName":"search_term_string"}}],"inLanguage":"es"}]}},"_links":{"self":[{"href":"https:\/\/the-good-circle.com\/es\/wp-json\/wp\/v2\/product\/232215","targetHints":{"allow":["GET"]}}],"collection":[{"href":"https:\/\/the-good-circle.com\/es\/wp-json\/wp\/v2\/product"}],"about":[{"href":"https:\/\/the-good-circle.com\/es\/wp-json\/wp\/v2\/types\/product"}],"wp:featuredmedia":[{"embeddable":true,"href":"https:\/\/the-good-circle.com\/es\/wp-json\/wp\/v2\/media\/232172"}],"wp:attachment":[{"href":"https:\/\/the-good-circle.com\/es\/wp-json\/wp\/v2\/media?parent=232215"}],"wp:term":[{"taxonomy":"product_brand","embeddable":true,"href":"https:\/\/the-good-circle.com\/es\/wp-json\/wp\/v2\/product_brand?post=232215"},{"taxonomy":"product_cat","embeddable":true,"href":"https:\/\/the-good-circle.com\/es\/wp-json\/wp\/v2\/product_cat?post=232215"},{"taxonomy":"product_tag","embeddable":true,"href":"https:\/\/the-good-circle.com\/es\/wp-json\/wp\/v2\/product_tag?post=232215"}],"curies":[{"name":"wp","href":"https:\/\/api.w.org\/{rel}","templated":true}]}}