{"id":232268,"date":"2025-09-08T13:53:07","date_gmt":"2025-09-08T11:53:07","guid":{"rendered":"https:\/\/the-good-circle.com\/product\/art-comes-to-life-in-galeria-6a\/"},"modified":"2025-10-27T14:17:36","modified_gmt":"2025-10-27T13:17:36","slug":"art-comes-to-life-en-galeria-6a","status":"publish","type":"product","link":"https:\/\/the-good-circle.com\/es\/producto\/art-comes-to-life-en-galeria-6a\/","title":{"rendered":"Art comes to life en Galer\u00eda 6A"},"content":{"rendered":"<p>[et_pb_section fb_built=\u00bb1&#8243; _builder_version=\u00bb4.16&#8243; custom_padding=\u00bb0px||||false|false\u00bb global_colors_info=\u00bb{}\u00bb][et_pb_row _builder_version=\u00bb4.16&#8243; background_size=\u00bbinitial\u00bb background_position=\u00bbtop_left\u00bb background_repeat=\u00bbrepeat\u00bb width=\u00bb100%\u00bb custom_padding=\u00bb0px||0px||false|false\u00bb global_colors_info=\u00bb{}\u00bb][et_pb_column type=\u00bb4_4&#8243; _builder_version=\u00bb4.16&#8243; custom_padding=\u00bb|||\u00bb global_colors_info=\u00bb{}\u00bb custom_padding__hover=\u00bb|||\u00bb][et_pb_wc_breadcrumb _builder_version=\u00bb4.16&#8243; body_font=\u00bbManrope||||||||\u00bb global_colors_info=\u00bb{}\u00bb][\/et_pb_wc_breadcrumb][et_pb_wc_cart_notice _builder_version=\u00bb4.16&#8243; title_font=\u00bbManrope||||||||\u00bb title_font_size=\u00bb16px\u00bb custom_button=\u00bbon\u00bb button_text_size=\u00bb14px\u00bb button_text_color=\u00bb#E21313&#8243; button_bg_color=\u00bb#FFFFFF\u00bb button_border_width=\u00bb0px\u00bb button_border_color=\u00bb#FFFFFF\u00bb button_border_radius=\u00bb100px\u00bb button_letter_spacing=\u00bb-0.5px\u00bb button_font=\u00bbOutfit|700||on|||||\u00bb button_icon=\u00bb&#xf069;||fa||900&#8243; button_icon_color=\u00bb#000000&#8243; button_on_hover=\u00bboff\u00bb button_custom_padding=\u00bb10px|40px|10px|20px|true|false\u00bb border_radii=\u00bbon|20px|20px|20px|20px\u00bb global_colors_info=\u00bb{}\u00bb button_text_color__hover=\u00bb#FFFFFF\u00bb button_text_color__hover_enabled=\u00bbon|hover\u00bb button_bg_color__hover=\u00bb#000000&#8243; button_bg_color__hover_enabled=\u00bbon|hover\u00bb button_border_color__hover=\u00bbRGBA(255,255,255,0)\u00bb button_border_color__hover_enabled=\u00bbon|hover\u00bb button_letter_spacing__hover=\u00bb0px\u00bb button_letter_spacing__hover_enabled=\u00bbon|hover\u00bb button_icon_color__hover=\u00bb#E21313&#8243; button_icon_color__hover_enabled=\u00bbon|hover\u00bb][\/et_pb_wc_cart_notice][\/et_pb_column][\/et_pb_row][et_pb_row column_structure=\u00bb1_2,1_2&#8243; _builder_version=\u00bb4.16&#8243; background_size=\u00bbinitial\u00bb background_position=\u00bbtop_left\u00bb background_repeat=\u00bbrepeat\u00bb width=\u00bb100%\u00bb custom_padding=\u00bb0px||||false|false\u00bb global_colors_info=\u00bb{}\u00bb][et_pb_column type=\u00bb1_2&#8243; _builder_version=\u00bb4.16&#8243; custom_padding=\u00bb|||\u00bb global_colors_info=\u00bb{}\u00bb custom_padding__hover=\u00bb|||\u00bb][et_pb_wc_images _builder_version=\u00bb4.16&#8243; border_radii=\u00bbon|20px|20px|20px|20px\u00bb global_colors_info=\u00bb{}\u00bb][\/et_pb_wc_images][\/et_pb_column][et_pb_column type=\u00bb1_2&#8243; _builder_version=\u00bb4.16&#8243; custom_padding=\u00bb|||\u00bb global_colors_info=\u00bb{}\u00bb custom_padding__hover=\u00bb|||\u00bb][et_pb_wc_title _builder_version=\u00bb4.16&#8243; header_font=\u00bbManrope|700|||||||\u00bb header_text_color=\u00bb#000000&#8243; header_font_size=\u00bb42px\u00bb header_letter_spacing=\u00bb-0.5px\u00bb global_colors_info=\u00bb{}\u00bb][\/et_pb_wc_title][et_pb_wc_rating _builder_version=\u00bb4.16&#8243; global_colors_info=\u00bb{}\u00bb][\/et_pb_wc_rating][et_pb_wc_price _builder_version=\u00bb4.16&#8243; body_font=\u00bbManrope||||||||\u00bb body_text_color=\u00bb#0B0CF0&#8243; global_colors_info=\u00bb{}\u00bb][\/et_pb_wc_price][et_pb_wc_description product=\u00bb232268&#8243; description_type=\u00bbdescription\u00bb _builder_version=\u00bb4.27.4&#8243; _module_preset=\u00bbdefault\u00bb body_font=\u00bbManrope||||||||\u00bb body_font_size=\u00bb18px\u00bb body_line_height=\u00bb1.3em\u00bb global_colors_info=\u00bb{}\u00bb][\/et_pb_wc_description][et_pb_wc_description _builder_version=\u00bb4.27.4&#8243; _module_preset=\u00bbdefault\u00bb global_colors_info=\u00bb{}\u00bb][\/et_pb_wc_description][et_pb_wc_description _builder_version=\u00bb4.16&#8243; global_colors_info=\u00bb{}\u00bb][\/et_pb_wc_description][et_pb_wc_add_to_cart _builder_version=\u00bb4.16&#8243; custom_button=\u00bbon\u00bb button_text_size=\u00bb14px\u00bb button_text_color=\u00bb#0B0CF0&#8243; button_bg_color=\u00bb#FFDC00&#8243; button_border_width=\u00bb0px\u00bb button_border_color=\u00bbRGBA(255,255,255,0)\u00bb button_border_radius=\u00bb100px\u00bb button_letter_spacing=\u00bb-0.5px\u00bb button_font=\u00bbOutfit|700||on|||||\u00bb button_icon=\u00bb&#xe07a;||divi||400&#8243; button_icon_color=\u00bb#06B50A\u00bb button_on_hover=\u00bboff\u00bb button_custom_padding=\u00bb10px|40px|10px|20px|false|false\u00bb global_colors_info=\u00bb{}\u00bb button_text_color__hover=\u00bb#FFFFFF\u00bb button_text_color__hover_enabled=\u00bbon|hover\u00bb button_bg_color__hover=\u00bb#000000&#8243; button_bg_color__hover_enabled=\u00bbon|hover\u00bb button_border_color__hover=\u00bbRGBA(255,255,255,0)\u00bb button_border_color__hover_enabled=\u00bbon|hover\u00bb button_letter_spacing__hover=\u00bb0px\u00bb button_letter_spacing__hover_enabled=\u00bbon|hover\u00bb button_icon_color__hover=\u00bb#E21313&#8243; button_icon_color__hover_enabled=\u00bbon|hover\u00bb][\/et_pb_wc_add_to_cart][et_pb_wc_meta _builder_version=\u00bb4.16&#8243; global_colors_info=\u00bb{}\u00bb][\/et_pb_wc_meta][\/et_pb_column][\/et_pb_row][\/et_pb_section]<\/p>\n","protected":false},"excerpt":{"rendered":"","protected":false},"featured_media":232234,"template":"","meta":{"_acf_changed":false,"_et_pb_use_builder":"on","_et_pb_old_content":"<h3>El pr\u00f3ximo\u00a0<strong>s\u00e1bado 25 de octubre<\/strong>,\u00a0<strong>The Good Circle<\/strong>\u00a0te invita a un encuentro muy especial en colaboraci\u00f3n con\u00a0<strong>Galer\u00eda 6A<\/strong>\u00a0\u2014 una tarde entre arte, t\u00e9cnica y buena compa\u00f1\u00eda.<\/h3>\r\n<h4><img class=\"an1\" src=\"https:\/\/fonts.gstatic.com\/s\/e\/notoemoji\/16.0\/1f554\/32.png\" alt=\"\ud83d\udd54\" data-emoji=\"\ud83d\udd54\" aria-label=\"\ud83d\udd54\" \/> <strong>Primera parte (17:00 \u2013 18:30)<\/strong><\/h4>\r\nUn <strong>tour privado y exclusivo<\/strong>\u00a0por el\u00a0<strong>Taller de la Galer\u00eda 6A<\/strong>, considerado el taller litogr\u00e1fico m\u00e1s importante de Espa\u00f1a, para solo\u00a0<strong>20 personas<\/strong>\u00a0(con preferencia para miembros y sus invitados), guiado por\u00a0<strong>Francisco Campins<\/strong>, quien mostrar\u00e1 y explicar\u00e1 la t\u00e9cnica milenaria de la\u00a0<strong>litograf\u00eda<\/strong>. Durante la visita, conoceremos al artista\u00a0<strong>Toni Font<\/strong>, quien finalizar\u00e1 en directo una de sus obras utilizando esta t\u00e9cnica. <strong>Entrada:<\/strong> 48 \u20ac \u2014 incluye una consumici\u00f3n y una tapita. Esta entrada tambi\u00e9n incluye acceso a la segunda parte. <em>Capacidad limitada (20 personas).<\/em>\r\n<h4><img class=\"an1\" src=\"https:\/\/fonts.gstatic.com\/s\/e\/notoemoji\/16.0\/1f561\/32.png\" alt=\"\ud83d\udd61\" data-emoji=\"\ud83d\udd61\" aria-label=\"\ud83d\udd61\" \/> <strong>Segunda parte (a partir de las 18:30 \u2014 por favor, sed puntuales)<\/strong><\/h4>\r\nAbriremos las puertas al resto de asistentes y nos trasladaremos a la\u00a0<strong>Galer\u00eda 6A<\/strong>\u00a0para disfrutar de un\u00a0<strong>Good Circle<\/strong> como los de siempre: arte, m\u00fasica y din\u00e1micas para conectar. Adem\u00e1s, podremos disfrutar de la exposici\u00f3n actual de Lola Berenguer. <strong>Entrada:<\/strong>\u00a026 \u20ac \u2014 incluye una consumici\u00f3n. Nuestros amigos de\u00a0<strong>Mercat Tramuntana<\/strong>\u00a0estar\u00e1n a cargo de las bebidas y algo para picar.","_et_gb_content_width":""},"product_brand":[],"product_cat":[46],"product_tag":[],"class_list":{"0":"post-232268","1":"product","2":"type-product","3":"status-publish","4":"has-post-thumbnail","6":"product_cat-evento-es","8":"first","9":"instock","10":"shipping-taxable","11":"product-type-variable"},"acf":[],"yoast_head":"<!-- This site is optimized with the Yoast SEO plugin v26.9 - https:\/\/yoast.com\/product\/yoast-seo-wordpress\/ -->\n<title>Art comes to life en Galer\u00eda 6A - The Good Circle<\/title>\n<meta name=\"robots\" content=\"index, follow, max-snippet:-1, max-image-preview:large, max-video-preview:-1\" \/>\n<link rel=\"canonical\" href=\"https:\/\/the-good-circle.com\/es\/producto\/art-comes-to-life-en-galeria-6a\/\" \/>\n<meta property=\"og:locale\" content=\"es_ES\" \/>\n<meta property=\"og:type\" content=\"article\" \/>\n<meta property=\"og:title\" content=\"Art comes to life en Galer\u00eda 6A - The Good Circle\" \/>\n<meta property=\"og:url\" content=\"https:\/\/the-good-circle.com\/es\/producto\/art-comes-to-life-en-galeria-6a\/\" \/>\n<meta property=\"og:site_name\" content=\"The Good Circle\" \/>\n<meta property=\"article:modified_time\" content=\"2025-10-27T13:17:36+00:00\" \/>\n<meta property=\"og:image\" content=\"https:\/\/the-good-circle.com\/wp-content\/uploads\/2025\/09\/Flyer-25.10.jpeg\" \/>\n\t<meta property=\"og:image:width\" content=\"1128\" \/>\n\t<meta property=\"og:image:height\" content=\"1600\" \/>\n\t<meta property=\"og:image:type\" content=\"image\/jpeg\" \/>\n<meta name=\"twitter:card\" content=\"summary_large_image\" \/>\n<meta name=\"twitter:label1\" content=\"Tiempo de lectura\" \/>\n\t<meta name=\"twitter:data1\" content=\"3 minutos\" \/>\n<script type=\"application\/ld+json\" class=\"yoast-schema-graph\">{\"@context\":\"https:\/\/schema.org\",\"@graph\":[{\"@type\":\"WebPage\",\"@id\":\"https:\/\/the-good-circle.com\/es\/producto\/art-comes-to-life-en-galeria-6a\/\",\"url\":\"https:\/\/the-good-circle.com\/es\/producto\/art-comes-to-life-en-galeria-6a\/\",\"name\":\"Art comes to life en Galer\u00eda 6A - The Good Circle\",\"isPartOf\":{\"@id\":\"https:\/\/the-good-circle.com\/#website\"},\"primaryImageOfPage\":{\"@id\":\"https:\/\/the-good-circle.com\/es\/producto\/art-comes-to-life-en-galeria-6a\/#primaryimage\"},\"image\":{\"@id\":\"https:\/\/the-good-circle.com\/es\/producto\/art-comes-to-life-en-galeria-6a\/#primaryimage\"},\"thumbnailUrl\":\"https:\/\/the-good-circle.com\/wp-content\/uploads\/2025\/09\/Flyer-25.10.jpeg\",\"datePublished\":\"2025-09-08T11:53:07+00:00\",\"dateModified\":\"2025-10-27T13:17:36+00:00\",\"breadcrumb\":{\"@id\":\"https:\/\/the-good-circle.com\/es\/producto\/art-comes-to-life-en-galeria-6a\/#breadcrumb\"},\"inLanguage\":\"es\",\"potentialAction\":[{\"@type\":\"ReadAction\",\"target\":[\"https:\/\/the-good-circle.com\/es\/producto\/art-comes-to-life-en-galeria-6a\/\"]}]},{\"@type\":\"ImageObject\",\"inLanguage\":\"es\",\"@id\":\"https:\/\/the-good-circle.com\/es\/producto\/art-comes-to-life-en-galeria-6a\/#primaryimage\",\"url\":\"https:\/\/the-good-circle.com\/wp-content\/uploads\/2025\/09\/Flyer-25.10.jpeg\",\"contentUrl\":\"https:\/\/the-good-circle.com\/wp-content\/uploads\/2025\/09\/Flyer-25.10.jpeg\",\"width\":1128,\"height\":1600},{\"@type\":\"BreadcrumbList\",\"@id\":\"https:\/\/the-good-circle.com\/es\/producto\/art-comes-to-life-en-galeria-6a\/#breadcrumb\",\"itemListElement\":[{\"@type\":\"ListItem\",\"position\":1,\"name\":\"Portada\",\"item\":\"https:\/\/the-good-circle.com\/es\/\"},{\"@type\":\"ListItem\",\"position\":2,\"name\":\"Shop\",\"item\":\"https:\/\/the-good-circle.com\/shop\/\"},{\"@type\":\"ListItem\",\"position\":3,\"name\":\"Art comes to life en Galer\u00eda 6A\"}]},{\"@type\":\"WebSite\",\"@id\":\"https:\/\/the-good-circle.com\/#website\",\"url\":\"https:\/\/the-good-circle.com\/\",\"name\":\"The Good Circle\",\"description\":\"Here to help take the awkwardness away\",\"potentialAction\":[{\"@type\":\"SearchAction\",\"target\":{\"@type\":\"EntryPoint\",\"urlTemplate\":\"https:\/\/the-good-circle.com\/?s={search_term_string}\"},\"query-input\":{\"@type\":\"PropertyValueSpecification\",\"valueRequired\":true,\"valueName\":\"search_term_string\"}}],\"inLanguage\":\"es\"}]}<\/script>\n<!-- \/ Yoast SEO plugin. -->","yoast_head_json":{"title":"Art comes to life en Galer\u00eda 6A - The Good Circle","robots":{"index":"index","follow":"follow","max-snippet":"max-snippet:-1","max-image-preview":"max-image-preview:large","max-video-preview":"max-video-preview:-1"},"canonical":"https:\/\/the-good-circle.com\/es\/producto\/art-comes-to-life-en-galeria-6a\/","og_locale":"es_ES","og_type":"article","og_title":"Art comes to life en Galer\u00eda 6A - The Good Circle","og_url":"https:\/\/the-good-circle.com\/es\/producto\/art-comes-to-life-en-galeria-6a\/","og_site_name":"The Good Circle","article_modified_time":"2025-10-27T13:17:36+00:00","og_image":[{"width":1128,"height":1600,"url":"https:\/\/the-good-circle.com\/wp-content\/uploads\/2025\/09\/Flyer-25.10.jpeg","type":"image\/jpeg"}],"twitter_card":"summary_large_image","twitter_misc":{"Tiempo de lectura":"3 minutos"},"schema":{"@context":"https:\/\/schema.org","@graph":[{"@type":"WebPage","@id":"https:\/\/the-good-circle.com\/es\/producto\/art-comes-to-life-en-galeria-6a\/","url":"https:\/\/the-good-circle.com\/es\/producto\/art-comes-to-life-en-galeria-6a\/","name":"Art comes to life en Galer\u00eda 6A - The Good Circle","isPartOf":{"@id":"https:\/\/the-good-circle.com\/#website"},"primaryImageOfPage":{"@id":"https:\/\/the-good-circle.com\/es\/producto\/art-comes-to-life-en-galeria-6a\/#primaryimage"},"image":{"@id":"https:\/\/the-good-circle.com\/es\/producto\/art-comes-to-life-en-galeria-6a\/#primaryimage"},"thumbnailUrl":"https:\/\/the-good-circle.com\/wp-content\/uploads\/2025\/09\/Flyer-25.10.jpeg","datePublished":"2025-09-08T11:53:07+00:00","dateModified":"2025-10-27T13:17:36+00:00","breadcrumb":{"@id":"https:\/\/the-good-circle.com\/es\/producto\/art-comes-to-life-en-galeria-6a\/#breadcrumb"},"inLanguage":"es","potentialAction":[{"@type":"ReadAction","target":["https:\/\/the-good-circle.com\/es\/producto\/art-comes-to-life-en-galeria-6a\/"]}]},{"@type":"ImageObject","inLanguage":"es","@id":"https:\/\/the-good-circle.com\/es\/producto\/art-comes-to-life-en-galeria-6a\/#primaryimage","url":"https:\/\/the-good-circle.com\/wp-content\/uploads\/2025\/09\/Flyer-25.10.jpeg","contentUrl":"https:\/\/the-good-circle.com\/wp-content\/uploads\/2025\/09\/Flyer-25.10.jpeg","width":1128,"height":1600},{"@type":"BreadcrumbList","@id":"https:\/\/the-good-circle.com\/es\/producto\/art-comes-to-life-en-galeria-6a\/#breadcrumb","itemListElement":[{"@type":"ListItem","position":1,"name":"Portada","item":"https:\/\/the-good-circle.com\/es\/"},{"@type":"ListItem","position":2,"name":"Shop","item":"https:\/\/the-good-circle.com\/shop\/"},{"@type":"ListItem","position":3,"name":"Art comes to life en Galer\u00eda 6A"}]},{"@type":"WebSite","@id":"https:\/\/the-good-circle.com\/#website","url":"https:\/\/the-good-circle.com\/","name":"The Good Circle","description":"Here to help take the awkwardness away","potentialAction":[{"@type":"SearchAction","target":{"@type":"EntryPoint","urlTemplate":"https:\/\/the-good-circle.com\/?s={search_term_string}"},"query-input":{"@type":"PropertyValueSpecification","valueRequired":true,"valueName":"search_term_string"}}],"inLanguage":"es"}]}},"_links":{"self":[{"href":"https:\/\/the-good-circle.com\/es\/wp-json\/wp\/v2\/product\/232268","targetHints":{"allow":["GET"]}}],"collection":[{"href":"https:\/\/the-good-circle.com\/es\/wp-json\/wp\/v2\/product"}],"about":[{"href":"https:\/\/the-good-circle.com\/es\/wp-json\/wp\/v2\/types\/product"}],"wp:featuredmedia":[{"embeddable":true,"href":"https:\/\/the-good-circle.com\/es\/wp-json\/wp\/v2\/media\/232234"}],"wp:attachment":[{"href":"https:\/\/the-good-circle.com\/es\/wp-json\/wp\/v2\/media?parent=232268"}],"wp:term":[{"taxonomy":"product_brand","embeddable":true,"href":"https:\/\/the-good-circle.com\/es\/wp-json\/wp\/v2\/product_brand?post=232268"},{"taxonomy":"product_cat","embeddable":true,"href":"https:\/\/the-good-circle.com\/es\/wp-json\/wp\/v2\/product_cat?post=232268"},{"taxonomy":"product_tag","embeddable":true,"href":"https:\/\/the-good-circle.com\/es\/wp-json\/wp\/v2\/product_tag?post=232268"}],"curies":[{"name":"wp","href":"https:\/\/api.w.org\/{rel}","templated":true}]}}